{"id":5999,"date":"2025-02-19T14:46:41","date_gmt":"2025-02-19T14:46:41","guid":{"rendered":"https:\/\/www.gspeed.pt\/politica-de-confidentialitate\/"},"modified":"2025-02-19T14:46:42","modified_gmt":"2025-02-19T14:46:42","slug":"politica-de-confidentialitate","status":"publish","type":"page","link":"https:\/\/www.gspeed.pt\/ro\/politica-de-confidentialitate\/","title":{"rendered":"Politica de confiden\u021bialitate"},"content":{"rendered":"\n<style type=\"text\/css\" data-created_by=\"avia_inline_auto\" id=\"style-css-av-jmqif7qy-216a6538daf0caf69ecd8e3e0bde5570\">\n.avia-section.av-jmqif7qy-216a6538daf0caf69ecd8e3e0bde5570{\nbackground-repeat:no-repeat;\nbackground-image:url(https:\/\/www.gspeed.pt\/wp-content\/uploads\/2018\/10\/8478.jpg);\nbackground-position:50% 50%;\nbackground-attachment:scroll;\n}\n.avia-section.av-jmqif7qy-216a6538daf0caf69ecd8e3e0bde5570 .av-section-color-overlay{\nopacity:0.6;\nbackground-color:#000000;\n}\n<\/style>\n<div id='av_section_1'  class='avia-section av-jmqif7qy-216a6538daf0caf69ecd8e3e0bde5570 main_color avia-section-default avia-no-border-styling  avia-builder-el-0  el_before_av_section  avia-builder-el-first  avia-full-stretch avia-bg-style-scroll av-section-color-overlay-active av-minimum-height av-minimum-height-custom  container_wrap fullsize'  data-section-bg-repeat='stretch' data-av_minimum_height_px='200'><div class=\"av-section-color-overlay-wrap\"><div class=\"av-section-color-overlay\"><\/div><div class='container av-section-cont-open' style='height:200px'><main  role=\"main\" itemprop=\"mainContentOfPage\"  class='template-page content  av-content-full alpha units'><div class='post-entry post-entry-type-page post-entry-5999'><div class='entry-content-wrapper clearfix'>\n\n<style type=\"text\/css\" data-created_by=\"avia_inline_auto\" id=\"style-css-av-jpjr71jl-84547d65c65ca5d5e2f9bc5ca775e875\">\n#top .av-special-heading.av-jpjr71jl-84547d65c65ca5d5e2f9bc5ca775e875{\npadding-bottom:10px;\ncolor:#00afef;\n}\nbody .av-special-heading.av-jpjr71jl-84547d65c65ca5d5e2f9bc5ca775e875 .av-special-heading-tag .heading-char{\nfont-size:25px;\n}\n.av-special-heading.av-jpjr71jl-84547d65c65ca5d5e2f9bc5ca775e875 .special-heading-inner-border{\nborder-color:#00afef;\n}\n.av-special-heading.av-jpjr71jl-84547d65c65ca5d5e2f9bc5ca775e875 .av-subheading{\nfont-size:15px;\n}\n<\/style>\n<div  class='av-special-heading av-jpjr71jl-84547d65c65ca5d5e2f9bc5ca775e875 av-special-heading-h1 custom-color-heading blockquote modern-quote  avia-builder-el-1  avia-builder-el-no-sibling '><h1 class='av-special-heading-tag'  itemprop=\"headline\"  ><b>GSPEED<\/b> \/ Politica de confiden\u021bialitate<\/h1><div class=\"special-heading-border\"><div class=\"special-heading-inner-border\"><\/div><\/div><\/div>\n<\/div><\/div><\/main><!-- close content main element --><\/div><\/div><\/div><div id='av_section_2'  class='avia-section av-1zphb8-8f3766f88a0112df8179d743a0964480 main_color avia-section-large avia-no-border-styling  avia-builder-el-2  el_after_av_section  avia-builder-el-last  avia-bg-style-scroll container_wrap fullsize'  ><div class='container av-section-cont-open' ><div class='template-page content  av-content-full alpha units'><div class='post-entry post-entry-type-page post-entry-5999'><div class='entry-content-wrapper clearfix'>\n<section  class='av_textblock_section av-jnbkzc1c-2f09c1aa0c467c8359abcd5ada45c144'  itemscope=\"itemscope\" itemtype=\"https:\/\/schema.org\/CreativeWork\" ><div class='avia_textblock'  itemprop=\"text\" ><div class=\"text\">\n<p>Prin accesarea site-ului GSPEED \u0219i a paginilor conexe, utilizatorul se angajeaz\u0103 s\u0103 respecte \u0219i s\u0103 accepte termenii \u0219i condi\u021biile de utilizare respective.<\/p>\n<h3>POLITICA DE CONFIDEN\u021aIALITATE \u0218I DE PROTEC\u021aIE A DATELOR<\/h3>\n<p>Sunte\u021bi singurul responsabil pentru oricare \u0219i toate informa\u021biile pe care le furniza\u021bi pe acest site. Cl\u00ednica S\u00e3o Dente va prelucra datele \u00een scopul furniz\u0103rii de servicii \u0219i al gestion\u0103rii administrative \u0219i comerciale a informa\u021biilor furnizate. <\/p>\n<p>Informa\u021biile colectate cu privire la forma actual\u0103 \u00een sector <a href=\"https:\/\/gspeed.pt\/pt-pt\/contactos\/\"><strong>CONTACT<\/strong><\/a> sunt utilizate numai \u00een scopuri de r\u0103spuns.<\/p>\n<p>\u00cen orice moment, utilizatorul poate solicita modificarea \u0219i\/sau \u0219tergerea informa\u021biilor furnizate. Pentru orice chestiune legat\u0103 de aceste informa\u021bii, utilizatorul trebuie s\u0103 trimit\u0103 o comunicare scris\u0103 adresat\u0103 GSPEED, prin intermediul urm\u0103torului e-mail: <a href=\"mailto:geral@gspeed.pt\"><strong>geral@gspeed.pt<\/strong><\/a>. <\/p>\n<h3>COLECTAREA \u0218I UTILIZAREA INFORMA\u021aIILOR F\u0102R\u0102 CARACTER PERSONAL<\/h3>\n<p>Ca de obicei, site-ul nostru web poate utiliza &#8222;cookie-uri&#8221; sau alte tehnologii pentru a v\u0103 oferi con\u021binut specific intereselor dumneavoastr\u0103 sau pentru a v\u0103 analiza tiparele de vizitare. Cookie-urile \u00een sine nu pot fi utilizate pentru a v\u0103 dezv\u0103lui identitatea individual\u0103. Aceste informa\u021bii identific\u0103 browserul dumneavoastr\u0103. Dac\u0103 prefera\u021bi, pute\u021bi elimina sau bloca cookie-urile \u00een orice moment prin actualizarea set\u0103rilor browserului \u00een meniul &#8222;Ajutor&#8221;. Pentru a afla mai multe despre cookie-uri: <a href=\"https:\/\/support.microsoft.com\/pt-br\/help\/260971\/description-of-cookies\" target=\"_blank\" rel=\"noopener\">https:\/\/support.microsoft.com\/pt-br\/help\/260971\/description-of-cookies.<\/a>    <\/p>\n<h3>DREPTURILE DE AUTOR \u0218I PROPRIETATEA INDUSTRIAL\u0102<\/h3>\n<p>Con\u021binutul acestui site, \u00een text, imagine \u0219i documente ata\u0219ate, este proprietatea GSPEED. Reproducerea, copierea, modificarea, transmiterea, distribuirea, reproducerea sau returnarea, integral\u0103 sau par\u021bial\u0103, \u00een scopuri comerciale sau de alt\u0103 natur\u0103, f\u0103r\u0103 acordul prealabil scris al GSPEED, este interzis\u0103 \u00een mod expres \u0219i pedepsit\u0103 de lege. Utilizatorul se angajeaz\u0103 s\u0103 acceseze site-ul numai \u00een scopuri legale.  <\/p>\n<h3>EXONERAREA DE R\u0102SPUNDERE<\/h3>\n<p>GSPEED nu este responsabil pentru nicio daun\u0103 sau pierdere, direct\u0103 sau indirect\u0103, care poate rezulta din utilizarea informa\u021biilor con\u021binute pe acest site web sau legate de utilizarea acestui site web.<\/p>\n<\/div>\n<\/div><\/section>\n<\/p>\n","protected":false},"excerpt":{"rendered":"","protected":false},"author":1,"featured_media":0,"parent":0,"menu_order":0,"comment_status":"closed","ping_status":"closed","template":"","meta":{"footnotes":""},"class_list":["post-5999","page","type-page","status-publish","hentry"],"yoast_head":"<!-- This site is optimized with the Yoast SEO Premium plugin v27.1 (Yoast SEO v27.1.1) - https:\/\/yoast.com\/product\/yoast-seo-premium-wordpress\/ -->\n<title>Politica de confiden\u021bialitate | GSPEED Technologies<\/title>\n<meta name=\"robots\" content=\"index, follow, max-snippet:-1, max-image-preview:large, max-video-preview:-1\" \/>\n<link rel=\"canonical\" href=\"https:\/\/www.gspeed.pt\/ro\/politica-de-confidentialitate\/\" \/>\n<meta property=\"og:locale\" content=\"ro_RO\" \/>\n<meta property=\"og:type\" content=\"article\" \/>\n<meta property=\"og:title\" content=\"Politica de confiden\u021bialitate\" \/>\n<meta property=\"og:url\" content=\"https:\/\/www.gspeed.pt\/ro\/politica-de-confidentialitate\/\" \/>\n<meta property=\"og:site_name\" content=\"GSPEED Technologies\" \/>\n<meta property=\"article:publisher\" content=\"https:\/\/www.facebook.com\/Aestheticmanufacturer\/\" \/>\n<meta property=\"article:modified_time\" content=\"2025-02-19T14:46:42+00:00\" \/>\n<meta name=\"twitter:card\" content=\"summary_large_image\" \/>\n<meta name=\"twitter:label1\" content=\"Timp estimat pentru citire\" \/>\n\t<meta name=\"twitter:data1\" content=\"3 minute\" \/>\n<script type=\"application\/ld+json\" class=\"yoast-schema-graph\">{\"@context\":\"https:\/\/schema.org\",\"@graph\":[{\"@type\":\"WebPage\",\"@id\":\"https:\/\/www.gspeed.pt\/ro\/politica-de-confidentialitate\/\",\"url\":\"https:\/\/www.gspeed.pt\/ro\/politica-de-confidentialitate\/\",\"name\":\"Politica de confiden\u021bialitate | GSPEED Technologies\",\"isPartOf\":{\"@id\":\"https:\/\/www.gspeed.pt\/#website\"},\"datePublished\":\"2025-02-19T14:46:41+00:00\",\"dateModified\":\"2025-02-19T14:46:42+00:00\",\"breadcrumb\":{\"@id\":\"https:\/\/www.gspeed.pt\/ro\/politica-de-confidentialitate\/#breadcrumb\"},\"inLanguage\":\"ro-RO\",\"potentialAction\":[{\"@type\":\"ReadAction\",\"target\":[\"https:\/\/www.gspeed.pt\/ro\/politica-de-confidentialitate\/\"]}]},{\"@type\":\"BreadcrumbList\",\"@id\":\"https:\/\/www.gspeed.pt\/ro\/politica-de-confidentialitate\/#breadcrumb\",\"itemListElement\":[{\"@type\":\"ListItem\",\"position\":1,\"name\":\"In\u00edcio\",\"item\":\"https:\/\/www.gspeed.pt\/ro\/aparat-epilare-definitiva-laser-2\/\"},{\"@type\":\"ListItem\",\"position\":2,\"name\":\"Politica de confiden\u021bialitate\"}]},{\"@type\":\"WebSite\",\"@id\":\"https:\/\/www.gspeed.pt\/#website\",\"url\":\"https:\/\/www.gspeed.pt\/\",\"name\":\"GSPEED Technologies\",\"description\":\"\",\"publisher\":{\"@id\":\"https:\/\/www.gspeed.pt\/#organization\"},\"potentialAction\":[{\"@type\":\"SearchAction\",\"target\":{\"@type\":\"EntryPoint\",\"urlTemplate\":\"https:\/\/www.gspeed.pt\/?s={search_term_string}\"},\"query-input\":{\"@type\":\"PropertyValueSpecification\",\"valueRequired\":true,\"valueName\":\"search_term_string\"}}],\"inLanguage\":\"ro-RO\"},{\"@type\":[\"Organization\",\"Place\"],\"@id\":\"https:\/\/www.gspeed.pt\/#organization\",\"name\":\"GSPEED Technologies\",\"url\":\"https:\/\/www.gspeed.pt\/\",\"logo\":{\"@id\":\"https:\/\/www.gspeed.pt\/ro\/politica-de-confidentialitate\/#local-main-organization-logo\"},\"image\":{\"@id\":\"https:\/\/www.gspeed.pt\/ro\/politica-de-confidentialitate\/#local-main-organization-logo\"},\"sameAs\":[\"https:\/\/www.facebook.com\/Aestheticmanufacturer\/\"],\"telephone\":[],\"openingHoursSpecification\":[{\"@type\":\"OpeningHoursSpecification\",\"dayOfWeek\":[\"Monday\",\"Tuesday\",\"Wednesday\",\"Thursday\",\"Friday\",\"Saturday\",\"Sunday\"],\"opens\":\"09:00\",\"closes\":\"17:00\"}]},{\"@type\":\"ImageObject\",\"inLanguage\":\"ro-RO\",\"@id\":\"https:\/\/www.gspeed.pt\/ro\/politica-de-confidentialitate\/#local-main-organization-logo\",\"url\":\"https:\/\/www.gspeed.pt\/wp-content\/uploads\/2019\/10\/GSPEED_logo_home.png\",\"contentUrl\":\"https:\/\/www.gspeed.pt\/wp-content\/uploads\/2019\/10\/GSPEED_logo_home.png\",\"width\":450,\"height\":152,\"caption\":\"GSPEED Technologies\"}]}<\/script>\n<!-- \/ Yoast SEO Premium plugin. -->","yoast_head_json":{"title":"Politica de confiden\u021bialitate | GSPEED Technologies","robots":{"index":"index","follow":"follow","max-snippet":"max-snippet:-1","max-image-preview":"max-image-preview:large","max-video-preview":"max-video-preview:-1"},"canonical":"https:\/\/www.gspeed.pt\/ro\/politica-de-confidentialitate\/","og_locale":"ro_RO","og_type":"article","og_title":"Politica de confiden\u021bialitate","og_url":"https:\/\/www.gspeed.pt\/ro\/politica-de-confidentialitate\/","og_site_name":"GSPEED Technologies","article_publisher":"https:\/\/www.facebook.com\/Aestheticmanufacturer\/","article_modified_time":"2025-02-19T14:46:42+00:00","twitter_card":"summary_large_image","twitter_misc":{"Timp estimat pentru citire":"3 minute"},"schema":{"@context":"https:\/\/schema.org","@graph":[{"@type":"WebPage","@id":"https:\/\/www.gspeed.pt\/ro\/politica-de-confidentialitate\/","url":"https:\/\/www.gspeed.pt\/ro\/politica-de-confidentialitate\/","name":"Politica de confiden\u021bialitate | GSPEED Technologies","isPartOf":{"@id":"https:\/\/www.gspeed.pt\/#website"},"datePublished":"2025-02-19T14:46:41+00:00","dateModified":"2025-02-19T14:46:42+00:00","breadcrumb":{"@id":"https:\/\/www.gspeed.pt\/ro\/politica-de-confidentialitate\/#breadcrumb"},"inLanguage":"ro-RO","potentialAction":[{"@type":"ReadAction","target":["https:\/\/www.gspeed.pt\/ro\/politica-de-confidentialitate\/"]}]},{"@type":"BreadcrumbList","@id":"https:\/\/www.gspeed.pt\/ro\/politica-de-confidentialitate\/#breadcrumb","itemListElement":[{"@type":"ListItem","position":1,"name":"In\u00edcio","item":"https:\/\/www.gspeed.pt\/ro\/aparat-epilare-definitiva-laser-2\/"},{"@type":"ListItem","position":2,"name":"Politica de confiden\u021bialitate"}]},{"@type":"WebSite","@id":"https:\/\/www.gspeed.pt\/#website","url":"https:\/\/www.gspeed.pt\/","name":"GSPEED Technologies","description":"","publisher":{"@id":"https:\/\/www.gspeed.pt\/#organization"},"potentialAction":[{"@type":"SearchAction","target":{"@type":"EntryPoint","urlTemplate":"https:\/\/www.gspeed.pt\/?s={search_term_string}"},"query-input":{"@type":"PropertyValueSpecification","valueRequired":true,"valueName":"search_term_string"}}],"inLanguage":"ro-RO"},{"@type":["Organization","Place"],"@id":"https:\/\/www.gspeed.pt\/#organization","name":"GSPEED Technologies","url":"https:\/\/www.gspeed.pt\/","logo":{"@id":"https:\/\/www.gspeed.pt\/ro\/politica-de-confidentialitate\/#local-main-organization-logo"},"image":{"@id":"https:\/\/www.gspeed.pt\/ro\/politica-de-confidentialitate\/#local-main-organization-logo"},"sameAs":["https:\/\/www.facebook.com\/Aestheticmanufacturer\/"],"telephone":[],"openingHoursSpecification":[{"@type":"OpeningHoursSpecification","dayOfWeek":["Monday","Tuesday","Wednesday","Thursday","Friday","Saturday","Sunday"],"opens":"09:00","closes":"17:00"}]},{"@type":"ImageObject","inLanguage":"ro-RO","@id":"https:\/\/www.gspeed.pt\/ro\/politica-de-confidentialitate\/#local-main-organization-logo","url":"https:\/\/www.gspeed.pt\/wp-content\/uploads\/2019\/10\/GSPEED_logo_home.png","contentUrl":"https:\/\/www.gspeed.pt\/wp-content\/uploads\/2019\/10\/GSPEED_logo_home.png","width":450,"height":152,"caption":"GSPEED Technologies"}]}},"_links":{"self":[{"href":"https:\/\/www.gspeed.pt\/ro\/wp-json\/wp\/v2\/pages\/5999","targetHints":{"allow":["GET"]}}],"collection":[{"href":"https:\/\/www.gspeed.pt\/ro\/wp-json\/wp\/v2\/pages"}],"about":[{"href":"https:\/\/www.gspeed.pt\/ro\/wp-json\/wp\/v2\/types\/page"}],"author":[{"embeddable":true,"href":"https:\/\/www.gspeed.pt\/ro\/wp-json\/wp\/v2\/users\/1"}],"replies":[{"embeddable":true,"href":"https:\/\/www.gspeed.pt\/ro\/wp-json\/wp\/v2\/comments?post=5999"}],"version-history":[{"count":2,"href":"https:\/\/www.gspeed.pt\/ro\/wp-json\/wp\/v2\/pages\/5999\/revisions"}],"predecessor-version":[{"id":6008,"href":"https:\/\/www.gspeed.pt\/ro\/wp-json\/wp\/v2\/pages\/5999\/revisions\/6008"}],"wp:attachment":[{"href":"https:\/\/www.gspeed.pt\/ro\/wp-json\/wp\/v2\/media?parent=5999"}],"curies":[{"name":"wp","href":"https:\/\/api.w.org\/{rel}","templated":true}]}}