{"id":5740,"date":"2025-02-04T18:35:57","date_gmt":"2025-02-04T18:35:57","guid":{"rendered":"https:\/\/www.gspeed.pt\/kontakt\/"},"modified":"2025-03-11T10:24:37","modified_gmt":"2025-03-11T10:24:37","slug":"kontakt","status":"publish","type":"page","link":"https:\/\/www.gspeed.pt\/pl\/kontakt\/","title":{"rendered":"Kontakt"},"content":{"rendered":"\n<style type=\"text\/css\" data-created_by=\"avia_inline_auto\" id=\"style-css-av-jmqif7qy-07ed0fedf5eb5e40141b5862f79d35e3\">\n.avia-section.av-jmqif7qy-07ed0fedf5eb5e40141b5862f79d35e3 .av-parallax .av-parallax-inner{\nbackground-repeat:no-repeat;\nbackground-image:url(https:\/\/www.gspeed.pt\/wp-content\/uploads\/2018\/10\/8478.jpg);\nbackground-position:50% 50%;\nbackground-attachment:scroll;\n}\n.avia-section.av-jmqif7qy-07ed0fedf5eb5e40141b5862f79d35e3 .av-section-color-overlay{\nopacity:0.6;\nbackground-color:#000000;\n}\n<\/style>\n<div id='av_section_1'  class='avia-section av-jmqif7qy-07ed0fedf5eb5e40141b5862f79d35e3 main_color avia-section-large avia-no-border-styling  avia-builder-el-0  el_before_av_layout_row  avia-builder-el-first  avia-full-stretch av-parallax-section avia-bg-style-parallax av-section-color-overlay-active av-minimum-height av-minimum-height-custom  container_wrap fullsize'  data-section-bg-repeat='stretch' data-av_minimum_height_px='200'><div class='av-parallax' data-avia-parallax-ratio='0.3' ><div class='av-parallax-inner main_color avia-full-stretch'><\/div><\/div><div class=\"av-section-color-overlay-wrap\"><div class=\"av-section-color-overlay\"><\/div><div class='container av-section-cont-open' style='height:200px'><main  role=\"main\" itemprop=\"mainContentOfPage\"  class='template-page content  av-content-full alpha units'><div class='post-entry post-entry-type-page post-entry-5740'><div class='entry-content-wrapper clearfix'>\n\n<style type=\"text\/css\" data-created_by=\"avia_inline_auto\" id=\"style-css-av-jpcv5d83-3ba6dc7a192b0bd123ca186c3f976640\">\n#top .av-special-heading.av-jpcv5d83-3ba6dc7a192b0bd123ca186c3f976640{\npadding-bottom:20px;\ncolor:#00afef;\n}\nbody .av-special-heading.av-jpcv5d83-3ba6dc7a192b0bd123ca186c3f976640 .av-special-heading-tag .heading-char{\nfont-size:25px;\n}\n.av-special-heading.av-jpcv5d83-3ba6dc7a192b0bd123ca186c3f976640 .special-heading-inner-border{\nborder-color:#00afef;\n}\n.av-special-heading.av-jpcv5d83-3ba6dc7a192b0bd123ca186c3f976640 .av-subheading{\nfont-size:15px;\n}\n<\/style>\n<div  class='av-special-heading av-jpcv5d83-3ba6dc7a192b0bd123ca186c3f976640 av-special-heading-h1 custom-color-heading blockquote modern-quote  avia-builder-el-1  el_before_av_contact  avia-builder-el-first '><h1 class='av-special-heading-tag'  itemprop=\"headline\"  >PROSZ\u0118 SI\u0118 Z NAMI SKONTAKTOWA\u0106<\/h1><div class='av_custom_color av-subheading av-subheading_below'><p><span style=\"color: #eeeeee;\">Prosz\u0119 skorzysta\u0107 z formularza i wys\u0142a\u0107 nam wiadomo\u015b\u0107.<\/span><\/p>\n<\/div><div class=\"special-heading-border\"><div class=\"special-heading-inner-border\"><\/div><\/div><\/div>\n<form action=\"https:\/\/www.gspeed.pt\/pl\/kontakt\/\" method=\"post\"  class=\"avia_ajax_form av-form-labels-hidden   avia-builder-el-2  el_after_av_heading  avia-builder-el-last  av-custom-form-color av-light-form \" data-avia-form-id=\"1\" data-avia-redirect='' ><fieldset><p class='  first_form  form_element form_element_third' id='element_avia_1_1'><label for=\"avia_1_1\">Nazwa <abbr class=\"required\" title=\"required\">*<\/abbr><\/label> <input name=\"avia_1_1\" class=\"text_input is_empty\" type=\"text\" id=\"avia_1_1\" value=\"\"  placeholder='Nazwa*'\/><\/p><p class='  form_element form_element_third' id='element_avia_2_1'><label for=\"avia_2_1\">e-mail <abbr class=\"required\" title=\"required\">*<\/abbr><\/label> <input name=\"avia_2_1\" class=\"text_input is_email\" type=\"text\" id=\"avia_2_1\" value=\"\"  placeholder='e-mail*'\/><\/p><p class='  form_element form_element_third' id='element_avia_3_1'><label for=\"avia_3_1\">Przedmiot <abbr class=\"required\" title=\"required\">*<\/abbr><\/label> <input name=\"avia_3_1\" class=\"text_input is_empty\" type=\"text\" id=\"avia_3_1\" value=\"\"  placeholder='Przedmiot*'\/><\/p><p class='  first_form  form_element form_fullwidth av-last-visible-form-element' id='element_avia_4_1'><label for=\"avia_4_1\" class=\"textare_label hidden textare_label_avia_4_1\">Wiadomo\u015b\u0107 <abbr class=\"required\" title=\"required\">*<\/abbr><\/label><textarea  placeholder='Wiadomo\u015b\u0107*' name=\"avia_4_1\" class=\"text_area is_empty\" cols=\"40\" rows=\"7\" id=\"avia_4_1\" ><\/textarea><\/p><p class=\"hidden\"><input type=\"text\" name=\"avia_5_1\" class=\"hidden \" id=\"avia_5_1\" value=\"\" \/><\/p><p class=\"form_element \"><input type=\"hidden\" value=\"1\" name=\"avia_generated_form1\" \/><input type=\"submit\" value=\"PROSZ\u0118 WYS\u0141A\u0106\" class=\"button\"  data-sending-label=\"Trwa wysy\u0142anie...\"\/><\/p><\/fieldset><\/form><div id=\"ajaxresponse_1\" class=\"ajaxresponse ajaxresponse_1 hidden\"><\/div>\n\n<\/div><\/div><\/main><!-- close content main element --><\/div><\/div><\/div><div id='av-layout-grid-1'  class='av-layout-grid-container av-av_layout_row-f535683623cdf79a63578809738e4a34 entry-content-wrapper main_color av-flex-cells  avia-builder-el-3  el_after_av_section  avia-builder-el-last  grid-row-not-first  container_wrap fullsize'  >\n\n<style type=\"text\/css\" data-created_by=\"avia_inline_auto\" id=\"style-css-av-av_cell_one_full-76da0e4fba447283ab8e4bbb722dec58\">\n.flex_cell.av-av_cell_one_full-76da0e4fba447283ab8e4bbb722dec58{\nvertical-align:top;\n}\n.responsive #top #wrap_all .flex_cell.av-av_cell_one_full-76da0e4fba447283ab8e4bbb722dec58{\npadding:0px 0px 0px 0px !important;\n}\n<\/style>\n<div class='flex_cell av-av_cell_one_full-76da0e4fba447283ab8e4bbb722dec58 av-gridrow-cell av_one_full no_margin  avia-builder-el-4  avia-builder-el-no-sibling  av-zero-padding' ><div class='flex_cell_inner'><p><br \/>\n\n<style type=\"text\/css\" data-created_by=\"avia_inline_auto\" id=\"style-css-av-av_hr-d5b666c45e3554e0e619b566791d9967\">\n#top .hr.hr-invisible.av-av_hr-d5b666c45e3554e0e619b566791d9967{\nmargin-top:-15px;\nheight:1px;\n}\n<\/style>\n<div  class='hr av-av_hr-d5b666c45e3554e0e619b566791d9967 hr-invisible  avia-builder-el-6  el_after_av_codeblock  avia-builder-el-last '><span class='hr-inner '><span class=\"hr-inner-style\"><\/span><\/span><\/div><\/p>\n<\/div><\/div>\n<\/div>\n","protected":false},"excerpt":{"rendered":"","protected":false},"author":1,"featured_media":0,"parent":0,"menu_order":0,"comment_status":"open","ping_status":"closed","template":"","meta":{"footnotes":""},"class_list":["post-5740","page","type-page","status-publish","hentry"],"yoast_head":"<!-- This site is optimized with the Yoast SEO Premium plugin v27.4 (Yoast SEO v27.4) - https:\/\/yoast.com\/product\/yoast-seo-premium-wordpress\/ -->\n<title>Kontakt | GSPEED Technologies<\/title>\n<meta name=\"description\" content=\"Jeste\u015bmy innowacyjn\u0105 firm\u0105 zajmuj\u0105c\u0105 si\u0119 rozwojem technologii. Opracowujemy r\u00f3\u017cne rozwi\u0105zania w dziedzinie zdrowia i urody. Prosz\u0119 si\u0119 z nami skontaktowa\u0107.\" \/>\n<meta name=\"robots\" content=\"index, follow, max-snippet:-1, max-image-preview:large, max-video-preview:-1\" \/>\n<link rel=\"canonical\" href=\"https:\/\/www.gspeed.pt\/pl\/kontakt\/\" \/>\n<meta property=\"og:locale\" content=\"pl_PL\" \/>\n<meta property=\"og:type\" content=\"article\" \/>\n<meta property=\"og:title\" content=\"Kontakt\" \/>\n<meta property=\"og:description\" content=\"Jeste\u015bmy innowacyjn\u0105 firm\u0105 zajmuj\u0105c\u0105 si\u0119 rozwojem technologii. Opracowujemy r\u00f3\u017cne rozwi\u0105zania w dziedzinie zdrowia i urody. Prosz\u0119 si\u0119 z nami skontaktowa\u0107.\" \/>\n<meta property=\"og:url\" content=\"https:\/\/www.gspeed.pt\/pl\/kontakt\/\" \/>\n<meta property=\"og:site_name\" content=\"GSPEED Technologies\" \/>\n<meta property=\"article:publisher\" content=\"https:\/\/www.facebook.com\/Aestheticmanufacturer\/\" \/>\n<meta property=\"article:modified_time\" content=\"2025-03-11T10:24:37+00:00\" \/>\n<meta property=\"og:image\" content=\"https:\/\/www.gspeed.pt\/wp-content\/uploads\/2019\/10\/FACEBOOK_share.png\" \/>\n<meta name=\"twitter:card\" content=\"summary_large_image\" \/>\n<meta name=\"twitter:label1\" content=\"Szacowany czas czytania\" \/>\n\t<meta name=\"twitter:data1\" content=\"1 minuta\" \/>\n<script type=\"application\/ld+json\" class=\"yoast-schema-graph\">{\"@context\":\"https:\\\/\\\/schema.org\",\"@graph\":[{\"@type\":\"WebPage\",\"@id\":\"https:\\\/\\\/www.gspeed.pt\\\/pl\\\/kontakt\\\/\",\"url\":\"https:\\\/\\\/www.gspeed.pt\\\/pl\\\/kontakt\\\/\",\"name\":\"Kontakt | GSPEED Technologies\",\"isPartOf\":{\"@id\":\"https:\\\/\\\/www.gspeed.pt\\\/#website\"},\"datePublished\":\"2025-02-04T18:35:57+00:00\",\"dateModified\":\"2025-03-11T10:24:37+00:00\",\"description\":\"Jeste\u015bmy innowacyjn\u0105 firm\u0105 zajmuj\u0105c\u0105 si\u0119 rozwojem technologii. Opracowujemy r\u00f3\u017cne rozwi\u0105zania w dziedzinie zdrowia i urody. Prosz\u0119 si\u0119 z nami skontaktowa\u0107.\",\"breadcrumb\":{\"@id\":\"https:\\\/\\\/www.gspeed.pt\\\/pl\\\/kontakt\\\/#breadcrumb\"},\"inLanguage\":\"pl-PL\",\"potentialAction\":[{\"@type\":\"ReadAction\",\"target\":[\"https:\\\/\\\/www.gspeed.pt\\\/pl\\\/kontakt\\\/\"]}]},{\"@type\":\"BreadcrumbList\",\"@id\":\"https:\\\/\\\/www.gspeed.pt\\\/pl\\\/kontakt\\\/#breadcrumb\",\"itemListElement\":[{\"@type\":\"ListItem\",\"position\":1,\"name\":\"In\u00edcio\",\"item\":\"https:\\\/\\\/www.gspeed.pt\\\/pl\\\/strona-glowna\\\/\"},{\"@type\":\"ListItem\",\"position\":2,\"name\":\"Kontakt\"}]},{\"@type\":\"WebSite\",\"@id\":\"https:\\\/\\\/www.gspeed.pt\\\/#website\",\"url\":\"https:\\\/\\\/www.gspeed.pt\\\/\",\"name\":\"GSPEED Technologies\",\"description\":\"\",\"publisher\":{\"@id\":\"https:\\\/\\\/www.gspeed.pt\\\/#organization\"},\"potentialAction\":[{\"@type\":\"SearchAction\",\"target\":{\"@type\":\"EntryPoint\",\"urlTemplate\":\"https:\\\/\\\/www.gspeed.pt\\\/?s={search_term_string}\"},\"query-input\":{\"@type\":\"PropertyValueSpecification\",\"valueRequired\":true,\"valueName\":\"search_term_string\"}}],\"inLanguage\":\"pl-PL\"},{\"@type\":[\"Organization\",\"Place\"],\"@id\":\"https:\\\/\\\/www.gspeed.pt\\\/#organization\",\"name\":\"GSPEED Technologies\",\"url\":\"https:\\\/\\\/www.gspeed.pt\\\/\",\"logo\":{\"@id\":\"https:\\\/\\\/www.gspeed.pt\\\/pl\\\/kontakt\\\/#local-main-organization-logo\"},\"image\":{\"@id\":\"https:\\\/\\\/www.gspeed.pt\\\/pl\\\/kontakt\\\/#local-main-organization-logo\"},\"sameAs\":[\"https:\\\/\\\/www.facebook.com\\\/Aestheticmanufacturer\\\/\"],\"telephone\":[],\"openingHoursSpecification\":[{\"@type\":\"OpeningHoursSpecification\",\"dayOfWeek\":[\"Monday\",\"Tuesday\",\"Wednesday\",\"Thursday\",\"Friday\",\"Saturday\",\"Sunday\"],\"opens\":\"09:00\",\"closes\":\"17:00\"}]},{\"@type\":\"ImageObject\",\"inLanguage\":\"pl-PL\",\"@id\":\"https:\\\/\\\/www.gspeed.pt\\\/pl\\\/kontakt\\\/#local-main-organization-logo\",\"url\":\"https:\\\/\\\/www.gspeed.pt\\\/wp-content\\\/uploads\\\/2019\\\/10\\\/GSPEED_logo_home.png\",\"contentUrl\":\"https:\\\/\\\/www.gspeed.pt\\\/wp-content\\\/uploads\\\/2019\\\/10\\\/GSPEED_logo_home.png\",\"width\":450,\"height\":152,\"caption\":\"GSPEED Technologies\"}]}<\/script>\n<!-- \/ Yoast SEO Premium plugin. -->","yoast_head_json":{"title":"Kontakt | GSPEED Technologies","description":"Jeste\u015bmy innowacyjn\u0105 firm\u0105 zajmuj\u0105c\u0105 si\u0119 rozwojem technologii. Opracowujemy r\u00f3\u017cne rozwi\u0105zania w dziedzinie zdrowia i urody. Prosz\u0119 si\u0119 z nami skontaktowa\u0107.","robots":{"index":"index","follow":"follow","max-snippet":"max-snippet:-1","max-image-preview":"max-image-preview:large","max-video-preview":"max-video-preview:-1"},"canonical":"https:\/\/www.gspeed.pt\/pl\/kontakt\/","og_locale":"pl_PL","og_type":"article","og_title":"Kontakt","og_description":"Jeste\u015bmy innowacyjn\u0105 firm\u0105 zajmuj\u0105c\u0105 si\u0119 rozwojem technologii. Opracowujemy r\u00f3\u017cne rozwi\u0105zania w dziedzinie zdrowia i urody. Prosz\u0119 si\u0119 z nami skontaktowa\u0107.","og_url":"https:\/\/www.gspeed.pt\/pl\/kontakt\/","og_site_name":"GSPEED Technologies","article_publisher":"https:\/\/www.facebook.com\/Aestheticmanufacturer\/","article_modified_time":"2025-03-11T10:24:37+00:00","og_image":[{"url":"https:\/\/www.gspeed.pt\/wp-content\/uploads\/2019\/10\/FACEBOOK_share.png","type":"","width":"","height":""}],"twitter_card":"summary_large_image","twitter_misc":{"Szacowany czas czytania":"1 minuta"},"schema":{"@context":"https:\/\/schema.org","@graph":[{"@type":"WebPage","@id":"https:\/\/www.gspeed.pt\/pl\/kontakt\/","url":"https:\/\/www.gspeed.pt\/pl\/kontakt\/","name":"Kontakt | GSPEED Technologies","isPartOf":{"@id":"https:\/\/www.gspeed.pt\/#website"},"datePublished":"2025-02-04T18:35:57+00:00","dateModified":"2025-03-11T10:24:37+00:00","description":"Jeste\u015bmy innowacyjn\u0105 firm\u0105 zajmuj\u0105c\u0105 si\u0119 rozwojem technologii. Opracowujemy r\u00f3\u017cne rozwi\u0105zania w dziedzinie zdrowia i urody. Prosz\u0119 si\u0119 z nami skontaktowa\u0107.","breadcrumb":{"@id":"https:\/\/www.gspeed.pt\/pl\/kontakt\/#breadcrumb"},"inLanguage":"pl-PL","potentialAction":[{"@type":"ReadAction","target":["https:\/\/www.gspeed.pt\/pl\/kontakt\/"]}]},{"@type":"BreadcrumbList","@id":"https:\/\/www.gspeed.pt\/pl\/kontakt\/#breadcrumb","itemListElement":[{"@type":"ListItem","position":1,"name":"In\u00edcio","item":"https:\/\/www.gspeed.pt\/pl\/strona-glowna\/"},{"@type":"ListItem","position":2,"name":"Kontakt"}]},{"@type":"WebSite","@id":"https:\/\/www.gspeed.pt\/#website","url":"https:\/\/www.gspeed.pt\/","name":"GSPEED Technologies","description":"","publisher":{"@id":"https:\/\/www.gspeed.pt\/#organization"},"potentialAction":[{"@type":"SearchAction","target":{"@type":"EntryPoint","urlTemplate":"https:\/\/www.gspeed.pt\/?s={search_term_string}"},"query-input":{"@type":"PropertyValueSpecification","valueRequired":true,"valueName":"search_term_string"}}],"inLanguage":"pl-PL"},{"@type":["Organization","Place"],"@id":"https:\/\/www.gspeed.pt\/#organization","name":"GSPEED Technologies","url":"https:\/\/www.gspeed.pt\/","logo":{"@id":"https:\/\/www.gspeed.pt\/pl\/kontakt\/#local-main-organization-logo"},"image":{"@id":"https:\/\/www.gspeed.pt\/pl\/kontakt\/#local-main-organization-logo"},"sameAs":["https:\/\/www.facebook.com\/Aestheticmanufacturer\/"],"telephone":[],"openingHoursSpecification":[{"@type":"OpeningHoursSpecification","dayOfWeek":["Monday","Tuesday","Wednesday","Thursday","Friday","Saturday","Sunday"],"opens":"09:00","closes":"17:00"}]},{"@type":"ImageObject","inLanguage":"pl-PL","@id":"https:\/\/www.gspeed.pt\/pl\/kontakt\/#local-main-organization-logo","url":"https:\/\/www.gspeed.pt\/wp-content\/uploads\/2019\/10\/GSPEED_logo_home.png","contentUrl":"https:\/\/www.gspeed.pt\/wp-content\/uploads\/2019\/10\/GSPEED_logo_home.png","width":450,"height":152,"caption":"GSPEED Technologies"}]}},"_links":{"self":[{"href":"https:\/\/www.gspeed.pt\/pl\/wp-json\/wp\/v2\/pages\/5740","targetHints":{"allow":["GET"]}}],"collection":[{"href":"https:\/\/www.gspeed.pt\/pl\/wp-json\/wp\/v2\/pages"}],"about":[{"href":"https:\/\/www.gspeed.pt\/pl\/wp-json\/wp\/v2\/types\/page"}],"author":[{"embeddable":true,"href":"https:\/\/www.gspeed.pt\/pl\/wp-json\/wp\/v2\/users\/1"}],"replies":[{"embeddable":true,"href":"https:\/\/www.gspeed.pt\/pl\/wp-json\/wp\/v2\/comments?post=5740"}],"version-history":[{"count":12,"href":"https:\/\/www.gspeed.pt\/pl\/wp-json\/wp\/v2\/pages\/5740\/revisions"}],"predecessor-version":[{"id":6155,"href":"https:\/\/www.gspeed.pt\/pl\/wp-json\/wp\/v2\/pages\/5740\/revisions\/6155"}],"wp:attachment":[{"href":"https:\/\/www.gspeed.pt\/pl\/wp-json\/wp\/v2\/media?parent=5740"}],"curies":[{"name":"wp","href":"https:\/\/api.w.org\/{rel}","templated":true}]}}