{"id":5188,"date":"2025-02-04T15:58:24","date_gmt":"2025-02-04T15:58:24","guid":{"rendered":"https:\/\/www.gspeed.pt\/privatnosti\/"},"modified":"2025-02-04T15:58:27","modified_gmt":"2025-02-04T15:58:27","slug":"privatnosti","status":"publish","type":"page","link":"https:\/\/www.gspeed.pt\/hr\/privatnosti\/","title":{"rendered":"Privatnosti"},"content":{"rendered":"\n<style type=\"text\/css\" data-created_by=\"avia_inline_auto\" id=\"style-css-av-jmqif7qy-216a6538daf0caf69ecd8e3e0bde5570\">\n.avia-section.av-jmqif7qy-216a6538daf0caf69ecd8e3e0bde5570{\nbackground-repeat:no-repeat;\nbackground-image:url(https:\/\/www.gspeed.pt\/wp-content\/uploads\/2018\/10\/8478.jpg);\nbackground-position:50% 50%;\nbackground-attachment:scroll;\n}\n.avia-section.av-jmqif7qy-216a6538daf0caf69ecd8e3e0bde5570 .av-section-color-overlay{\nopacity:0.6;\nbackground-color:#000000;\n}\n<\/style>\n<div id='av_section_1'  class='avia-section av-jmqif7qy-216a6538daf0caf69ecd8e3e0bde5570 main_color avia-section-default avia-no-border-styling  avia-builder-el-0  el_before_av_section  avia-builder-el-first  avia-full-stretch avia-bg-style-scroll av-section-color-overlay-active av-minimum-height av-minimum-height-custom  container_wrap fullsize'  data-section-bg-repeat='stretch' data-av_minimum_height_px='200'><div class=\"av-section-color-overlay-wrap\"><div class=\"av-section-color-overlay\"><\/div><div class='container av-section-cont-open' style='height:200px'><main  role=\"main\" itemprop=\"mainContentOfPage\"  class='template-page content  av-content-full alpha units'><div class='post-entry post-entry-type-page post-entry-5188'><div class='entry-content-wrapper clearfix'>\n\n<style type=\"text\/css\" data-created_by=\"avia_inline_auto\" id=\"style-css-av-jpjr71jl-d7e2b80716345b85bb40a291b42c087e\">\n#top .av-special-heading.av-jpjr71jl-d7e2b80716345b85bb40a291b42c087e{\npadding-bottom:10px;\ncolor:#00afef;\n}\nbody .av-special-heading.av-jpjr71jl-d7e2b80716345b85bb40a291b42c087e .av-special-heading-tag .heading-char{\nfont-size:25px;\n}\n.av-special-heading.av-jpjr71jl-d7e2b80716345b85bb40a291b42c087e .special-heading-inner-border{\nborder-color:#00afef;\n}\n.av-special-heading.av-jpjr71jl-d7e2b80716345b85bb40a291b42c087e .av-subheading{\nfont-size:15px;\n}\n<\/style>\n<div  class='av-special-heading av-jpjr71jl-d7e2b80716345b85bb40a291b42c087e av-special-heading-h1 custom-color-heading blockquote modern-quote  avia-builder-el-1  avia-builder-el-no-sibling '><h1 class='av-special-heading-tag'  itemprop=\"headline\"  ><b>GSPEED<\/b> \/ Politika privatnosti<\/h1><div class=\"special-heading-border\"><div class=\"special-heading-inner-border\"><\/div><\/div><\/div>\n<\/div><\/div><\/main><!-- close content main element --><\/div><\/div><\/div><div id='av_section_2'  class='avia-section av-1zphb8-8f3766f88a0112df8179d743a0964480 main_color avia-section-large avia-no-border-styling  avia-builder-el-2  el_after_av_section  avia-builder-el-last  avia-bg-style-scroll container_wrap fullsize'  ><div class='container av-section-cont-open' ><div class='template-page content  av-content-full alpha units'><div class='post-entry post-entry-type-page post-entry-5188'><div class='entry-content-wrapper clearfix'>\n<section  class='av_textblock_section av-jnbkzc1c-2f09c1aa0c467c8359abcd5ada45c144'  itemscope=\"itemscope\" itemtype=\"https:\/\/schema.org\/CreativeWork\" ><div class='avia_textblock'  itemprop=\"text\" ><div class=\"text\">\n<p>Pristupom web stranici GSPEED i povezanim stranicama, korisnik se obvezuje po\u0161tivati i prihva\u0107ati odgovaraju\u0107e uvjete kori\u0161tenja.<\/p>\n<h3>POLITIKA PRIVATNOSTI I ZA\u0160TITE PODATAKA<\/h3>\n<p>Vi ste isklju\u010divo odgovorni za sve informacije koje pru\u017eite na ovoj web stranici. Cl\u00ednica S\u00e3o Dente obra\u0111ivat \u0107e podatke u svrhu pru\u017eanja usluga te administrativnog i komercijalnog upravljanja pru\u017eenim informacijama. <\/p>\n<p>Podaci prikupljeni u trenutnom obrascu u sektoru <a href=\"https:\/\/gspeed.pt\/pt-pt\/contactos\/\"><strong>KONTAKTI<\/strong><\/a> koriste se samo u svrhu odgovora.<\/p>\n<p>Korisnik u bilo kojem trenutku mo\u017ee zatra\u017eiti izmjenu i\/ili brisanje pru\u017eenih podataka. Za sva pitanja vezana uz ove informacije, korisnik mora poslati pisanu komunikaciju upu\u0107enu GSPEED-u, putem sljede\u0107e e-po\u0161te: <a href=\"mailto:geral@gspeed.pt\"><strong>geral@gspeed.pt<\/strong><\/a>. <\/p>\n<h3>PRIKUPLJANJE I KORI\u0160TENJE NEOSOBNIH PODATAKA<\/h3>\n<p>Kao \u0161to je uobi\u010dajeno, na\u0161a web stranica mo\u017ee koristiti &#8220;kola\u010di\u0107e&#8221; ili druge tehnologije kako bi vam pomogla ponuditi sadr\u017eaj specifi\u010dan za va\u0161e interese ili analizirati va\u0161e obrasce posje\u0107ivanja. Kola\u010di\u0107i, sami po sebi, ne mogu se koristiti za otkrivanje va\u0161eg individualnog identiteta. Ove informacije identificiraju va\u0161 preglednik. Ako \u017eelite, kola\u010di\u0107e mo\u017eete ukloniti ili blokirati u bilo kojem trenutku a\u017euriranjem postavki preglednika putem izbornika &#8220;Pomo\u0107&#8221;. Da biste saznali vi\u0161e o kola\u010di\u0107ima: <a href=\"https:\/\/support.microsoft.com\/pt-br\/help\/260971\/description-of-cookies\" target=\"_blank\" rel=\"noopener\">https:\/\/support.microsoft.com\/pt-br\/help\/260971\/description-of-cookies<\/a>.    <\/p>\n<h3>AUTORSKA PRAVA I INDUSTRIJSKO VLASNI\u0160TVO<\/h3>\n<p>Sadr\u017eaj ove web stranice, u tekstu, slici i prilo\u017eenim dokumentima, vlasni\u0161tvo je GSPEED-a. Reprodukcija, kopiranje, izmjena, prijenos, distribucija, reprodukcija ili vra\u0107anje, u cijelosti ili djelomi\u010dno, u komercijalne ili druge svrhe, bez prethodnog pisanog pristanka GSPEED-a, izri\u010dito je zabranjeno i ka\u017enjivo zakonom. Korisnik se obvezuje pristupiti web stranici samo u zakonite svrhe.  <\/p>\n<h3>ODRICANJE<\/h3>\n<p>GSPEED nije odgovoran za bilo kakvu \u0161tetu ili gubitak, izravan ili neizravan, koji mo\u017ee nastati kori\u0161tenjem informacija sadr\u017eanih na ovoj web stranici ili u vezi s kori\u0161tenjem ove web stranice.<\/p>\n<\/div>\n<\/div><\/section>\n<\/p>\n","protected":false},"excerpt":{"rendered":"","protected":false},"author":1,"featured_media":0,"parent":0,"menu_order":0,"comment_status":"closed","ping_status":"closed","template":"","meta":{"footnotes":""},"class_list":["post-5188","page","type-page","status-publish","hentry"],"yoast_head":"<!-- This site is optimized with the Yoast SEO Premium plugin v27.4 (Yoast SEO v27.4) - https:\/\/yoast.com\/product\/yoast-seo-premium-wordpress\/ -->\n<title>Privatnosti | GSPEED Technologies<\/title>\n<meta name=\"robots\" content=\"index, follow, max-snippet:-1, max-image-preview:large, max-video-preview:-1\" \/>\n<link rel=\"canonical\" href=\"https:\/\/www.gspeed.pt\/hr\/privatnosti\/\" \/>\n<meta property=\"og:locale\" content=\"hr_HR\" \/>\n<meta property=\"og:type\" content=\"article\" \/>\n<meta property=\"og:title\" content=\"Privatnosti\" \/>\n<meta property=\"og:url\" content=\"https:\/\/www.gspeed.pt\/hr\/privatnosti\/\" \/>\n<meta property=\"og:site_name\" content=\"GSPEED Technologies\" \/>\n<meta property=\"article:publisher\" content=\"https:\/\/www.facebook.com\/Aestheticmanufacturer\/\" \/>\n<meta property=\"article:modified_time\" content=\"2025-02-04T15:58:27+00:00\" \/>\n<meta name=\"twitter:card\" content=\"summary_large_image\" \/>\n<meta name=\"twitter:label1\" content=\"Procijenjeno vrijeme \u010ditanja\" \/>\n\t<meta name=\"twitter:data1\" content=\"3 minute\" \/>\n<script type=\"application\/ld+json\" class=\"yoast-schema-graph\">{\"@context\":\"https:\\\/\\\/schema.org\",\"@graph\":[{\"@type\":\"WebPage\",\"@id\":\"https:\\\/\\\/www.gspeed.pt\\\/hr\\\/privatnosti\\\/\",\"url\":\"https:\\\/\\\/www.gspeed.pt\\\/hr\\\/privatnosti\\\/\",\"name\":\"Privatnosti | GSPEED Technologies\",\"isPartOf\":{\"@id\":\"https:\\\/\\\/www.gspeed.pt\\\/#website\"},\"datePublished\":\"2025-02-04T15:58:24+00:00\",\"dateModified\":\"2025-02-04T15:58:27+00:00\",\"breadcrumb\":{\"@id\":\"https:\\\/\\\/www.gspeed.pt\\\/hr\\\/privatnosti\\\/#breadcrumb\"},\"inLanguage\":\"hr\",\"potentialAction\":[{\"@type\":\"ReadAction\",\"target\":[\"https:\\\/\\\/www.gspeed.pt\\\/hr\\\/privatnosti\\\/\"]}]},{\"@type\":\"BreadcrumbList\",\"@id\":\"https:\\\/\\\/www.gspeed.pt\\\/hr\\\/privatnosti\\\/#breadcrumb\",\"itemListElement\":[{\"@type\":\"ListItem\",\"position\":1,\"name\":\"In\u00edcio\",\"item\":\"https:\\\/\\\/www.gspeed.pt\\\/homepage\\\/\"},{\"@type\":\"ListItem\",\"position\":2,\"name\":\"Privatnosti\"}]},{\"@type\":\"WebSite\",\"@id\":\"https:\\\/\\\/www.gspeed.pt\\\/#website\",\"url\":\"https:\\\/\\\/www.gspeed.pt\\\/\",\"name\":\"GSPEED Technologies\",\"description\":\"\",\"publisher\":{\"@id\":\"https:\\\/\\\/www.gspeed.pt\\\/#organization\"},\"potentialAction\":[{\"@type\":\"SearchAction\",\"target\":{\"@type\":\"EntryPoint\",\"urlTemplate\":\"https:\\\/\\\/www.gspeed.pt\\\/?s={search_term_string}\"},\"query-input\":{\"@type\":\"PropertyValueSpecification\",\"valueRequired\":true,\"valueName\":\"search_term_string\"}}],\"inLanguage\":\"hr\"},{\"@type\":[\"Organization\",\"Place\"],\"@id\":\"https:\\\/\\\/www.gspeed.pt\\\/#organization\",\"name\":\"GSPEED Technologies\",\"url\":\"https:\\\/\\\/www.gspeed.pt\\\/\",\"logo\":{\"@id\":\"https:\\\/\\\/www.gspeed.pt\\\/hr\\\/privatnosti\\\/#local-main-organization-logo\"},\"image\":{\"@id\":\"https:\\\/\\\/www.gspeed.pt\\\/hr\\\/privatnosti\\\/#local-main-organization-logo\"},\"sameAs\":[\"https:\\\/\\\/www.facebook.com\\\/Aestheticmanufacturer\\\/\"],\"telephone\":[],\"openingHoursSpecification\":[{\"@type\":\"OpeningHoursSpecification\",\"dayOfWeek\":[\"Monday\",\"Tuesday\",\"Wednesday\",\"Thursday\",\"Friday\",\"Saturday\",\"Sunday\"],\"opens\":\"09:00\",\"closes\":\"17:00\"}]},{\"@type\":\"ImageObject\",\"inLanguage\":\"hr\",\"@id\":\"https:\\\/\\\/www.gspeed.pt\\\/hr\\\/privatnosti\\\/#local-main-organization-logo\",\"url\":\"https:\\\/\\\/www.gspeed.pt\\\/wp-content\\\/uploads\\\/2019\\\/10\\\/GSPEED_logo_home.png\",\"contentUrl\":\"https:\\\/\\\/www.gspeed.pt\\\/wp-content\\\/uploads\\\/2019\\\/10\\\/GSPEED_logo_home.png\",\"width\":450,\"height\":152,\"caption\":\"GSPEED Technologies\"}]}<\/script>\n<!-- \/ Yoast SEO Premium plugin. -->","yoast_head_json":{"title":"Privatnosti | GSPEED Technologies","robots":{"index":"index","follow":"follow","max-snippet":"max-snippet:-1","max-image-preview":"max-image-preview:large","max-video-preview":"max-video-preview:-1"},"canonical":"https:\/\/www.gspeed.pt\/hr\/privatnosti\/","og_locale":"hr_HR","og_type":"article","og_title":"Privatnosti","og_url":"https:\/\/www.gspeed.pt\/hr\/privatnosti\/","og_site_name":"GSPEED Technologies","article_publisher":"https:\/\/www.facebook.com\/Aestheticmanufacturer\/","article_modified_time":"2025-02-04T15:58:27+00:00","twitter_card":"summary_large_image","twitter_misc":{"Procijenjeno vrijeme \u010ditanja":"3 minute"},"schema":{"@context":"https:\/\/schema.org","@graph":[{"@type":"WebPage","@id":"https:\/\/www.gspeed.pt\/hr\/privatnosti\/","url":"https:\/\/www.gspeed.pt\/hr\/privatnosti\/","name":"Privatnosti | GSPEED Technologies","isPartOf":{"@id":"https:\/\/www.gspeed.pt\/#website"},"datePublished":"2025-02-04T15:58:24+00:00","dateModified":"2025-02-04T15:58:27+00:00","breadcrumb":{"@id":"https:\/\/www.gspeed.pt\/hr\/privatnosti\/#breadcrumb"},"inLanguage":"hr","potentialAction":[{"@type":"ReadAction","target":["https:\/\/www.gspeed.pt\/hr\/privatnosti\/"]}]},{"@type":"BreadcrumbList","@id":"https:\/\/www.gspeed.pt\/hr\/privatnosti\/#breadcrumb","itemListElement":[{"@type":"ListItem","position":1,"name":"In\u00edcio","item":"https:\/\/www.gspeed.pt\/homepage\/"},{"@type":"ListItem","position":2,"name":"Privatnosti"}]},{"@type":"WebSite","@id":"https:\/\/www.gspeed.pt\/#website","url":"https:\/\/www.gspeed.pt\/","name":"GSPEED Technologies","description":"","publisher":{"@id":"https:\/\/www.gspeed.pt\/#organization"},"potentialAction":[{"@type":"SearchAction","target":{"@type":"EntryPoint","urlTemplate":"https:\/\/www.gspeed.pt\/?s={search_term_string}"},"query-input":{"@type":"PropertyValueSpecification","valueRequired":true,"valueName":"search_term_string"}}],"inLanguage":"hr"},{"@type":["Organization","Place"],"@id":"https:\/\/www.gspeed.pt\/#organization","name":"GSPEED Technologies","url":"https:\/\/www.gspeed.pt\/","logo":{"@id":"https:\/\/www.gspeed.pt\/hr\/privatnosti\/#local-main-organization-logo"},"image":{"@id":"https:\/\/www.gspeed.pt\/hr\/privatnosti\/#local-main-organization-logo"},"sameAs":["https:\/\/www.facebook.com\/Aestheticmanufacturer\/"],"telephone":[],"openingHoursSpecification":[{"@type":"OpeningHoursSpecification","dayOfWeek":["Monday","Tuesday","Wednesday","Thursday","Friday","Saturday","Sunday"],"opens":"09:00","closes":"17:00"}]},{"@type":"ImageObject","inLanguage":"hr","@id":"https:\/\/www.gspeed.pt\/hr\/privatnosti\/#local-main-organization-logo","url":"https:\/\/www.gspeed.pt\/wp-content\/uploads\/2019\/10\/GSPEED_logo_home.png","contentUrl":"https:\/\/www.gspeed.pt\/wp-content\/uploads\/2019\/10\/GSPEED_logo_home.png","width":450,"height":152,"caption":"GSPEED Technologies"}]}},"_links":{"self":[{"href":"https:\/\/www.gspeed.pt\/hr\/wp-json\/wp\/v2\/pages\/5188","targetHints":{"allow":["GET"]}}],"collection":[{"href":"https:\/\/www.gspeed.pt\/hr\/wp-json\/wp\/v2\/pages"}],"about":[{"href":"https:\/\/www.gspeed.pt\/hr\/wp-json\/wp\/v2\/types\/page"}],"author":[{"embeddable":true,"href":"https:\/\/www.gspeed.pt\/hr\/wp-json\/wp\/v2\/users\/1"}],"replies":[{"embeddable":true,"href":"https:\/\/www.gspeed.pt\/hr\/wp-json\/wp\/v2\/comments?post=5188"}],"version-history":[{"count":8,"href":"https:\/\/www.gspeed.pt\/hr\/wp-json\/wp\/v2\/pages\/5188\/revisions"}],"predecessor-version":[{"id":5201,"href":"https:\/\/www.gspeed.pt\/hr\/wp-json\/wp\/v2\/pages\/5188\/revisions\/5201"}],"wp:attachment":[{"href":"https:\/\/www.gspeed.pt\/hr\/wp-json\/wp\/v2\/media?parent=5188"}],"curies":[{"name":"wp","href":"https:\/\/api.w.org\/{rel}","templated":true}]}}