{"id":4668,"date":"2025-02-04T15:57:25","date_gmt":"2025-02-04T15:57:25","guid":{"rendered":"https:\/\/www.gspeed.pt\/politique-de-confidentialite\/"},"modified":"2025-02-04T15:57:26","modified_gmt":"2025-02-04T15:57:26","slug":"politique-de-confidentialite","status":"publish","type":"page","link":"https:\/\/www.gspeed.pt\/fr\/politique-de-confidentialite\/","title":{"rendered":"Politique de confidentialit\u00e9"},"content":{"rendered":"\n<style type=\"text\/css\" data-created_by=\"avia_inline_auto\" id=\"style-css-av-jmqif7qy-216a6538daf0caf69ecd8e3e0bde5570\">\n.avia-section.av-jmqif7qy-216a6538daf0caf69ecd8e3e0bde5570{\nbackground-repeat:no-repeat;\nbackground-image:url(https:\/\/www.gspeed.pt\/wp-content\/uploads\/2018\/10\/8478.jpg);\nbackground-position:50% 50%;\nbackground-attachment:scroll;\n}\n.avia-section.av-jmqif7qy-216a6538daf0caf69ecd8e3e0bde5570 .av-section-color-overlay{\nopacity:0.6;\nbackground-color:#000000;\n}\n<\/style>\n<div id='av_section_1'  class='avia-section av-jmqif7qy-216a6538daf0caf69ecd8e3e0bde5570 main_color avia-section-default avia-no-border-styling  avia-builder-el-0  el_before_av_section  avia-builder-el-first  avia-full-stretch avia-bg-style-scroll av-section-color-overlay-active av-minimum-height av-minimum-height-custom  container_wrap fullsize'  data-section-bg-repeat='stretch' data-av_minimum_height_px='200'><div class=\"av-section-color-overlay-wrap\"><div class=\"av-section-color-overlay\"><\/div><div class='container av-section-cont-open' style='height:200px'><main  role=\"main\" itemprop=\"mainContentOfPage\"  class='template-page content  av-content-full alpha units'><div class='post-entry post-entry-type-page post-entry-4668'><div class='entry-content-wrapper clearfix'>\n\n<style type=\"text\/css\" data-created_by=\"avia_inline_auto\" id=\"style-css-av-jpjr71jl-cf820af29b4a2b009049edce15584e9a\">\n#top .av-special-heading.av-jpjr71jl-cf820af29b4a2b009049edce15584e9a{\npadding-bottom:10px;\ncolor:#00afef;\n}\nbody .av-special-heading.av-jpjr71jl-cf820af29b4a2b009049edce15584e9a .av-special-heading-tag .heading-char{\nfont-size:25px;\n}\n.av-special-heading.av-jpjr71jl-cf820af29b4a2b009049edce15584e9a .special-heading-inner-border{\nborder-color:#00afef;\n}\n.av-special-heading.av-jpjr71jl-cf820af29b4a2b009049edce15584e9a .av-subheading{\nfont-size:15px;\n}\n<\/style>\n<div  class='av-special-heading av-jpjr71jl-cf820af29b4a2b009049edce15584e9a av-special-heading-h1 custom-color-heading blockquote modern-quote  avia-builder-el-1  avia-builder-el-no-sibling '><h1 class='av-special-heading-tag'  itemprop=\"headline\"  ><b>GSPEED<\/b> \/ Politique de confidentialit\u00e9<\/h1><div class=\"special-heading-border\"><div class=\"special-heading-inner-border\"><\/div><\/div><\/div>\n<\/div><\/div><\/main><!-- close content main element --><\/div><\/div><\/div><div id='av_section_2'  class='avia-section av-1zphb8-8f3766f88a0112df8179d743a0964480 main_color avia-section-large avia-no-border-styling  avia-builder-el-2  el_after_av_section  avia-builder-el-last  avia-bg-style-scroll container_wrap fullsize'  ><div class='container av-section-cont-open' ><div class='template-page content  av-content-full alpha units'><div class='post-entry post-entry-type-page post-entry-4668'><div class='entry-content-wrapper clearfix'>\n<section  class='av_textblock_section av-jnbkzc1c-2f09c1aa0c467c8359abcd5ada45c144'  itemscope=\"itemscope\" itemtype=\"https:\/\/schema.org\/CreativeWork\" ><div class='avia_textblock'  itemprop=\"text\" ><div class=\"text\">\n<p>En acc\u00e9dant au site web du GSPEED et aux pages qui y sont li\u00e9es, l&rsquo;utilisateur s&rsquo;engage \u00e0 respecter et \u00e0 accepter les conditions d&rsquo;utilisation respectives.<\/p>\n<h3>POLITIQUE DE CONFIDENTIALIT\u00c9 ET DE PROTECTION DES DONN\u00c9ES<\/h3>\n<p>Vous \u00eates seul responsable de toutes les informations que vous fournissez sur ce site. Cl\u00ednica S\u00e3o Dente traitera les donn\u00e9es \u00e0 des fins de prestation de services et de gestion administrative et commerciale des informations fournies. <\/p>\n<p>Les informations recueillies sur la forme actuelle dans le secteur <a href=\"https:\/\/gspeed.pt\/pt-pt\/contactos\/\"><strong>CONTACT<\/strong><\/a> ne sont utilis\u00e9es qu&rsquo;\u00e0 des fins de r\u00e9ponse.<\/p>\n<p>L&rsquo;utilisateur peut \u00e0 tout moment demander la modification et\/ou la suppression des informations fournies. Pour toute question relative \u00e0 ces informations, l&rsquo;utilisateur doit envoyer une communication \u00e9crite \u00e0 GSPEED, par le biais de l&rsquo;adresse \u00e9lectronique suivante : <a href=\"mailto:geral@gspeed.pt\"><strong>geral@gspeed.pt<\/strong><\/a>. <\/p>\n<h3>COLLECTE ET UTILISATION D&rsquo;INFORMATIONS NON PERSONNELLES<\/h3>\n<p>Comme d&rsquo;habitude, notre site web peut utiliser des \u00ab\u00a0cookies\u00a0\u00bb ou d&rsquo;autres technologies pour l&rsquo;aider \u00e0 offrir un contenu sp\u00e9cifique \u00e0 vos int\u00e9r\u00eats ou pour analyser vos habitudes de visite. Les cookies seuls ne peuvent pas \u00eatre utilis\u00e9s pour r\u00e9v\u00e9ler votre identit\u00e9 individuelle. Ces informations identifient votre navigateur. Si vous le souhaitez, vous pouvez supprimer ou bloquer les cookies \u00e0 tout moment en mettant \u00e0 jour les param\u00e8tres de votre navigateur dans le menu \u00ab\u00a0Aide\u00a0\u00bb. Pour en savoir plus sur les cookies <a href=\"https:\/\/support.microsoft.com\/pt-br\/help\/260971\/description-of-cookies\" target=\"_blank\" rel=\"noopener\">: https:\/\/support.microsoft.com\/pt-br\/help\/260971\/description-of-cookies.<\/a>    <\/p>\n<h3>DROITS D&rsquo;AUTEUR ET PROPRI\u00c9T\u00c9 INDUSTRIELLE<\/h3>\n<p>Le contenu de ce site Web, sous forme de texte, d&rsquo;image et de documents joints, est la propri\u00e9t\u00e9 de GSPEED. La reproduction, la copie, la modification, la transmission, la distribution, la reproduction ou la restitution, en tout ou en partie, \u00e0 des fins commerciales ou autres, sans l&rsquo;autorisation \u00e9crite pr\u00e9alable de GSPEED, sont express\u00e9ment interdites et punies par la loi. L&rsquo;utilisateur s&rsquo;engage \u00e0 n&rsquo;acc\u00e9der au site qu&rsquo;\u00e0 des fins licites.  <\/p>\n<h3>EXON\u00c9RATION DE RESPONSABILIT\u00c9<\/h3>\n<p>GSPEED n&rsquo;est pas responsable des dommages ou pertes, directs ou indirects, qui pourraient r\u00e9sulter de l&rsquo;utilisation des informations contenues sur ce site ou li\u00e9s \u00e0 l&rsquo;utilisation de ce site.<\/p>\n<\/div>\n<\/div><\/section>\n<\/p>\n","protected":false},"excerpt":{"rendered":"","protected":false},"author":1,"featured_media":0,"parent":0,"menu_order":0,"comment_status":"closed","ping_status":"closed","template":"","meta":{"footnotes":""},"class_list":["post-4668","page","type-page","status-publish","hentry"],"yoast_head":"<!-- This site is optimized with the Yoast SEO Premium plugin v27.1 (Yoast SEO v27.1.1) - https:\/\/yoast.com\/product\/yoast-seo-premium-wordpress\/ -->\n<title>Politique de confidentialit\u00e9 | GSPEED Technologies<\/title>\n<meta name=\"robots\" content=\"index, follow, max-snippet:-1, max-image-preview:large, max-video-preview:-1\" \/>\n<link rel=\"canonical\" href=\"https:\/\/www.gspeed.pt\/fr\/politique-de-confidentialite\/\" \/>\n<meta property=\"og:locale\" content=\"fr_FR\" \/>\n<meta property=\"og:type\" content=\"article\" \/>\n<meta property=\"og:title\" content=\"Politique de confidentialit\u00e9\" \/>\n<meta property=\"og:url\" content=\"https:\/\/www.gspeed.pt\/fr\/politique-de-confidentialite\/\" \/>\n<meta property=\"og:site_name\" content=\"GSPEED Technologies\" \/>\n<meta property=\"article:publisher\" content=\"https:\/\/www.facebook.com\/Aestheticmanufacturer\/\" \/>\n<meta property=\"article:modified_time\" content=\"2025-02-04T15:57:26+00:00\" \/>\n<meta name=\"twitter:card\" content=\"summary_large_image\" \/>\n<meta name=\"twitter:label1\" content=\"Dur\u00e9e de lecture estim\u00e9e\" \/>\n\t<meta name=\"twitter:data1\" content=\"3 minutes\" \/>\n<script type=\"application\/ld+json\" class=\"yoast-schema-graph\">{\"@context\":\"https:\/\/schema.org\",\"@graph\":[{\"@type\":\"WebPage\",\"@id\":\"https:\/\/www.gspeed.pt\/fr\/politique-de-confidentialite\/\",\"url\":\"https:\/\/www.gspeed.pt\/fr\/politique-de-confidentialite\/\",\"name\":\"Politique de confidentialit\u00e9 | GSPEED Technologies\",\"isPartOf\":{\"@id\":\"https:\/\/www.gspeed.pt\/#website\"},\"datePublished\":\"2025-02-04T15:57:25+00:00\",\"dateModified\":\"2025-02-04T15:57:26+00:00\",\"breadcrumb\":{\"@id\":\"https:\/\/www.gspeed.pt\/fr\/politique-de-confidentialite\/#breadcrumb\"},\"inLanguage\":\"fr-FR\",\"potentialAction\":[{\"@type\":\"ReadAction\",\"target\":[\"https:\/\/www.gspeed.pt\/fr\/politique-de-confidentialite\/\"]}]},{\"@type\":\"BreadcrumbList\",\"@id\":\"https:\/\/www.gspeed.pt\/fr\/politique-de-confidentialite\/#breadcrumb\",\"itemListElement\":[{\"@type\":\"ListItem\",\"position\":1,\"name\":\"In\u00edcio\",\"item\":\"https:\/\/www.gspeed.pt\/homepage\/\"},{\"@type\":\"ListItem\",\"position\":2,\"name\":\"Politique de confidentialit\u00e9\"}]},{\"@type\":\"WebSite\",\"@id\":\"https:\/\/www.gspeed.pt\/#website\",\"url\":\"https:\/\/www.gspeed.pt\/\",\"name\":\"GSPEED Technologies\",\"description\":\"\",\"publisher\":{\"@id\":\"https:\/\/www.gspeed.pt\/#organization\"},\"potentialAction\":[{\"@type\":\"SearchAction\",\"target\":{\"@type\":\"EntryPoint\",\"urlTemplate\":\"https:\/\/www.gspeed.pt\/?s={search_term_string}\"},\"query-input\":{\"@type\":\"PropertyValueSpecification\",\"valueRequired\":true,\"valueName\":\"search_term_string\"}}],\"inLanguage\":\"fr-FR\"},{\"@type\":[\"Organization\",\"Place\"],\"@id\":\"https:\/\/www.gspeed.pt\/#organization\",\"name\":\"GSPEED Technologies\",\"url\":\"https:\/\/www.gspeed.pt\/\",\"logo\":{\"@id\":\"https:\/\/www.gspeed.pt\/fr\/politique-de-confidentialite\/#local-main-organization-logo\"},\"image\":{\"@id\":\"https:\/\/www.gspeed.pt\/fr\/politique-de-confidentialite\/#local-main-organization-logo\"},\"sameAs\":[\"https:\/\/www.facebook.com\/Aestheticmanufacturer\/\"],\"telephone\":[],\"openingHoursSpecification\":[{\"@type\":\"OpeningHoursSpecification\",\"dayOfWeek\":[\"Monday\",\"Tuesday\",\"Wednesday\",\"Thursday\",\"Friday\",\"Saturday\",\"Sunday\"],\"opens\":\"09:00\",\"closes\":\"17:00\"}]},{\"@type\":\"ImageObject\",\"inLanguage\":\"fr-FR\",\"@id\":\"https:\/\/www.gspeed.pt\/fr\/politique-de-confidentialite\/#local-main-organization-logo\",\"url\":\"https:\/\/www.gspeed.pt\/wp-content\/uploads\/2019\/10\/GSPEED_logo_home.png\",\"contentUrl\":\"https:\/\/www.gspeed.pt\/wp-content\/uploads\/2019\/10\/GSPEED_logo_home.png\",\"width\":450,\"height\":152,\"caption\":\"GSPEED Technologies\"}]}<\/script>\n<!-- \/ Yoast SEO Premium plugin. -->","yoast_head_json":{"title":"Politique de confidentialit\u00e9 | GSPEED Technologies","robots":{"index":"index","follow":"follow","max-snippet":"max-snippet:-1","max-image-preview":"max-image-preview:large","max-video-preview":"max-video-preview:-1"},"canonical":"https:\/\/www.gspeed.pt\/fr\/politique-de-confidentialite\/","og_locale":"fr_FR","og_type":"article","og_title":"Politique de confidentialit\u00e9","og_url":"https:\/\/www.gspeed.pt\/fr\/politique-de-confidentialite\/","og_site_name":"GSPEED Technologies","article_publisher":"https:\/\/www.facebook.com\/Aestheticmanufacturer\/","article_modified_time":"2025-02-04T15:57:26+00:00","twitter_card":"summary_large_image","twitter_misc":{"Dur\u00e9e de lecture estim\u00e9e":"3 minutes"},"schema":{"@context":"https:\/\/schema.org","@graph":[{"@type":"WebPage","@id":"https:\/\/www.gspeed.pt\/fr\/politique-de-confidentialite\/","url":"https:\/\/www.gspeed.pt\/fr\/politique-de-confidentialite\/","name":"Politique de confidentialit\u00e9 | GSPEED Technologies","isPartOf":{"@id":"https:\/\/www.gspeed.pt\/#website"},"datePublished":"2025-02-04T15:57:25+00:00","dateModified":"2025-02-04T15:57:26+00:00","breadcrumb":{"@id":"https:\/\/www.gspeed.pt\/fr\/politique-de-confidentialite\/#breadcrumb"},"inLanguage":"fr-FR","potentialAction":[{"@type":"ReadAction","target":["https:\/\/www.gspeed.pt\/fr\/politique-de-confidentialite\/"]}]},{"@type":"BreadcrumbList","@id":"https:\/\/www.gspeed.pt\/fr\/politique-de-confidentialite\/#breadcrumb","itemListElement":[{"@type":"ListItem","position":1,"name":"In\u00edcio","item":"https:\/\/www.gspeed.pt\/homepage\/"},{"@type":"ListItem","position":2,"name":"Politique de confidentialit\u00e9"}]},{"@type":"WebSite","@id":"https:\/\/www.gspeed.pt\/#website","url":"https:\/\/www.gspeed.pt\/","name":"GSPEED Technologies","description":"","publisher":{"@id":"https:\/\/www.gspeed.pt\/#organization"},"potentialAction":[{"@type":"SearchAction","target":{"@type":"EntryPoint","urlTemplate":"https:\/\/www.gspeed.pt\/?s={search_term_string}"},"query-input":{"@type":"PropertyValueSpecification","valueRequired":true,"valueName":"search_term_string"}}],"inLanguage":"fr-FR"},{"@type":["Organization","Place"],"@id":"https:\/\/www.gspeed.pt\/#organization","name":"GSPEED Technologies","url":"https:\/\/www.gspeed.pt\/","logo":{"@id":"https:\/\/www.gspeed.pt\/fr\/politique-de-confidentialite\/#local-main-organization-logo"},"image":{"@id":"https:\/\/www.gspeed.pt\/fr\/politique-de-confidentialite\/#local-main-organization-logo"},"sameAs":["https:\/\/www.facebook.com\/Aestheticmanufacturer\/"],"telephone":[],"openingHoursSpecification":[{"@type":"OpeningHoursSpecification","dayOfWeek":["Monday","Tuesday","Wednesday","Thursday","Friday","Saturday","Sunday"],"opens":"09:00","closes":"17:00"}]},{"@type":"ImageObject","inLanguage":"fr-FR","@id":"https:\/\/www.gspeed.pt\/fr\/politique-de-confidentialite\/#local-main-organization-logo","url":"https:\/\/www.gspeed.pt\/wp-content\/uploads\/2019\/10\/GSPEED_logo_home.png","contentUrl":"https:\/\/www.gspeed.pt\/wp-content\/uploads\/2019\/10\/GSPEED_logo_home.png","width":450,"height":152,"caption":"GSPEED Technologies"}]}},"_links":{"self":[{"href":"https:\/\/www.gspeed.pt\/fr\/wp-json\/wp\/v2\/pages\/4668","targetHints":{"allow":["GET"]}}],"collection":[{"href":"https:\/\/www.gspeed.pt\/fr\/wp-json\/wp\/v2\/pages"}],"about":[{"href":"https:\/\/www.gspeed.pt\/fr\/wp-json\/wp\/v2\/types\/page"}],"author":[{"embeddable":true,"href":"https:\/\/www.gspeed.pt\/fr\/wp-json\/wp\/v2\/users\/1"}],"replies":[{"embeddable":true,"href":"https:\/\/www.gspeed.pt\/fr\/wp-json\/wp\/v2\/comments?post=4668"}],"version-history":[{"count":1,"href":"https:\/\/www.gspeed.pt\/fr\/wp-json\/wp\/v2\/pages\/4668\/revisions"}],"predecessor-version":[{"id":4672,"href":"https:\/\/www.gspeed.pt\/fr\/wp-json\/wp\/v2\/pages\/4668\/revisions\/4672"}],"wp:attachment":[{"href":"https:\/\/www.gspeed.pt\/fr\/wp-json\/wp\/v2\/media?parent=4668"}],"curies":[{"name":"wp","href":"https:\/\/api.w.org\/{rel}","templated":true}]}}