{"id":3774,"date":"2025-01-24T16:13:13","date_gmt":"2025-01-24T16:13:13","guid":{"rendered":"https:\/\/www.gspeed.pt\/?page_id=3774"},"modified":"2025-10-12T21:08:37","modified_gmt":"2025-10-12T21:08:37","slug":"maquina-laser-3-longitudes-onda","status":"publish","type":"page","link":"https:\/\/www.gspeed.pt\/es\/maquina-laser-3-longitudes-onda\/","title":{"rendered":"M\u00e1quina L\u00e1ser 3 Longitudes Onda"},"content":{"rendered":"\n<style type=\"text\/css\" data-created_by=\"avia_inline_auto\" id=\"style-css-av-6sizr6-5c8254e85dec5ac8656f72d7b8cbf982\">\n.avia-section.av-6sizr6-5c8254e85dec5ac8656f72d7b8cbf982{\nbackground-color:#ffffff;\nbackground-image:url(https:\/\/www.gspeed.pt\/wp-content\/uploads\/2019\/10\/BG_gray_grid.jpg);\nbackground-repeat:no-repeat;\nbackground-position:0% 0%;\nbackground-attachment:scroll;\n}\n.avia-section.av-6sizr6-5c8254e85dec5ac8656f72d7b8cbf982 .av-section-color-overlay{\nopacity:0.7;\nbackground-color:#ffffff;\n}\n<\/style>\n<div id='av_section_1'  class='avia-section av-6sizr6-5c8254e85dec5ac8656f72d7b8cbf982 main_color avia-section-default avia-no-border-styling  avia-builder-el-0  avia-builder-el-no-sibling  avia-full-stretch avia-bg-style-scroll av-section-color-overlay-active container_wrap fullsize'  data-section-bg-repeat='stretch'><div class=\"av-section-color-overlay-wrap\"><div class=\"av-section-color-overlay\"><\/div><div class='container av-section-cont-open' ><main  role=\"main\" itemprop=\"mainContentOfPage\"  class='template-page content  av-content-full alpha units'><div class='post-entry post-entry-type-page post-entry-3774'><div class='entry-content-wrapper clearfix'>\n\n<style type=\"text\/css\" data-created_by=\"avia_inline_auto\" id=\"style-css-av-6e7y36-1544cca58e96a110d029860130dbdbbe\">\n.flex_column.av-6e7y36-1544cca58e96a110d029860130dbdbbe{\n-webkit-border-radius:0px 0px 0px 0px;\n-moz-border-radius:0px 0px 0px 0px;\nborder-radius:0px 0px 0px 0px;\npadding:0px 0px 0px 0px;\n}\n<\/style>\n<div class='flex_column av-6e7y36-1544cca58e96a110d029860130dbdbbe av_two_fifth  avia-builder-el-1  el_before_av_three_fifth  avia-builder-el-first  first flex_column_div av-zero-column-padding '     ><style type=\"text\/css\" data-created_by=\"avia_inline_auto\" id=\"style-css-av-k1g9mgi0-a565135f011e71486652bc5b4da34b08\">\n.avia-image-container.av-k1g9mgi0-a565135f011e71486652bc5b4da34b08 img.avia_image{\nbox-shadow:none;\n}\n.avia-image-container.av-k1g9mgi0-a565135f011e71486652bc5b4da34b08 .av-image-caption-overlay-center{\ncolor:#ffffff;\n}\n<\/style>\n<div  class='avia-image-container av-k1g9mgi0-a565135f011e71486652bc5b4da34b08 av-styling- avia_animated_image av-animated-when-visible-95 fade-in avia-align-center  avia-builder-el-2  avia-builder-el-no-sibling '   itemprop=\"image\" itemscope=\"itemscope\" itemtype=\"https:\/\/schema.org\/ImageObject\" ><div class=\"avia-image-container-inner\"><div class=\"avia-image-overlay-wrap\"><img decoding=\"async\" class='wp-image-4071 avia-img-lazy-loading-not-4071 avia_image ' src=\"https:\/\/www.gspeed.pt\/wp-content\/uploads\/2025\/01\/Laser-3-Longitudes-Onda-2.jpg\" alt='M\u00e1quina-L\u00e1ser-3-Longitudes-Onda' title='M\u00e1quina L\u00e1ser 3 Longitudes Onda'  height=\"976\" width=\"800\"  itemprop=\"thumbnailUrl\" srcset=\"https:\/\/www.gspeed.pt\/wp-content\/uploads\/2025\/01\/Laser-3-Longitudes-Onda-2.jpg 800w, https:\/\/www.gspeed.pt\/wp-content\/uploads\/2025\/01\/Laser-3-Longitudes-Onda-2-246x300.jpg 246w, https:\/\/www.gspeed.pt\/wp-content\/uploads\/2025\/01\/Laser-3-Longitudes-Onda-2-768x937.jpg 768w, https:\/\/www.gspeed.pt\/wp-content\/uploads\/2025\/01\/Laser-3-Longitudes-Onda-2-578x705.jpg 578w\" sizes=\"(max-width: 800px) 100vw, 800px\" \/><\/div><\/div><\/div><\/div>\n<style type=\"text\/css\" data-created_by=\"avia_inline_auto\" id=\"style-css-av-4lortu-93df2ab45cfd026e3fbb4f65d617d4dc\">\n.flex_column.av-4lortu-93df2ab45cfd026e3fbb4f65d617d4dc{\n-webkit-border-radius:0px 0px 0px 0px;\n-moz-border-radius:0px 0px 0px 0px;\nborder-radius:0px 0px 0px 0px;\npadding:0px 0px 0px 0px;\n}\n<\/style>\n<div class='flex_column av-4lortu-93df2ab45cfd026e3fbb4f65d617d4dc av_three_fifth  avia-builder-el-3  el_after_av_two_fifth  el_before_av_hr  flex_column_div av-zero-column-padding '     ><p>\n<style type=\"text\/css\" data-created_by=\"avia_inline_auto\" id=\"style-css-av-lseurcae-237ab30aaa483fd99bf0d944d454c44c\">\n#top .av-special-heading.av-lseurcae-237ab30aaa483fd99bf0d944d454c44c{\nmargin:25px 0 0 0;\npadding-bottom:10px;\ncolor:#00afef;\nfont-size:30px;\n}\nbody .av-special-heading.av-lseurcae-237ab30aaa483fd99bf0d944d454c44c .av-special-heading-tag .heading-char{\nfont-size:25px;\n}\n#top #wrap_all .av-special-heading.av-lseurcae-237ab30aaa483fd99bf0d944d454c44c .av-special-heading-tag{\nfont-size:30px;\n}\n.av-special-heading.av-lseurcae-237ab30aaa483fd99bf0d944d454c44c .special-heading-inner-border{\nborder-color:#00afef;\n}\n.av-special-heading.av-lseurcae-237ab30aaa483fd99bf0d944d454c44c .av-subheading{\nfont-size:15px;\n}\n\n@media only screen and (min-width: 480px) and (max-width: 767px){ \n#top #wrap_all .av-special-heading.av-lseurcae-237ab30aaa483fd99bf0d944d454c44c .av-special-heading-tag{\nfont-size:0.8em;\n}\n}\n\n@media only screen and (max-width: 479px){ \n#top #wrap_all .av-special-heading.av-lseurcae-237ab30aaa483fd99bf0d944d454c44c .av-special-heading-tag{\nfont-size:0.8em;\n}\n}\n<\/style>\n<div  class='av-special-heading av-lseurcae-237ab30aaa483fd99bf0d944d454c44c av-special-heading-h1 custom-color-heading blockquote modern-quote  avia-builder-el-4  el_before_av_textblock  avia-builder-el-first  av-inherit-size'><h1 class='av-special-heading-tag'  itemprop=\"headline\"  ><b>M\u00e1quina L\u00e1ser 3 Longitudes Onda <\/b><\/h1><div class=\"special-heading-border\"><div class=\"special-heading-inner-border\"><\/div><\/div><\/div><br \/>\n\n<style type=\"text\/css\" data-created_by=\"avia_inline_auto\" id=\"style-css-av-k1g9ouj2-9785ce7a8adf8306a1bf079543b5e0f3\">\n#top .av_textblock_section.av-k1g9ouj2-9785ce7a8adf8306a1bf079543b5e0f3 .avia_textblock{\nfont-size:17px;\n}\n\n@media only screen and (max-width: 479px){ \n#top .av_textblock_section.av-k1g9ouj2-9785ce7a8adf8306a1bf079543b5e0f3 .avia_textblock{\nfont-size:15px;\n}\n}\n<\/style>\n<section  class='av_textblock_section av-k1g9ouj2-9785ce7a8adf8306a1bf079543b5e0f3'  itemscope=\"itemscope\" itemtype=\"https:\/\/schema.org\/CreativeWork\" ><div class='avia_textblock'  itemprop=\"text\" ><p>M\u00e1quina L\u00e1ser 3 Longitudes Onda es lo aparato de L\u00e1ser de Diodo de alta potencia, con la mejor relaci\u00f3n calidad-precio.<\/p>\n<p>En cada disparo el equipo Garantiza los m\u00e1ximos resultados, para <strong>eliminaci\u00f3n de todo tipo de vello en pocas sesiones<\/strong>, incluyendo el fino y claro.<\/p>\n<p>El equipo\u00a0L\u00e1ser 3 Longitudes Onda no se calienta bajo ning\u00fan concepto,puede trabajar de forma ininterrumpida.<\/p>\n<p>M\u00e1quina L\u00e1ser 3 Longitudes Onda de alta potencia, permanece totalmente fr\u00edo a 0C\u00ba y por tanto reduce al m\u00e1ximo la mol\u00e9stia de tratamientos, <strong>permitiendo trabajar con seguridad en cualquier tipo de piel<\/strong>.<\/p>\n<p>El\u00a0 L\u00e1ser 3 Longitudes Onda consigue una depilaci\u00f3n efectiva en todos los fototipos (de piel, penetrando profundamente para conseguir una eliminaci\u00f3n definitiva del vello sin da\u00f1ar los tejidos que lo rodean.<\/p>\n<p>Trabaja todo tipo de pieles hasta fototipo V. Tambi\u00e9n en pieles bronceadas y en verano.<\/p>\n<p>Reducido tiempo por sesi\u00f3n\u00a0 y r\u00e1pidos resultados, tanto en sistema de barrido, como en pulso a pulso ( 1Hz ).<\/p>\n<p>Las frecuencias de pulso que ofrece el L\u00e1ser 3 Longitudes Onda v\u00e1rian, posibilitando la aplicaci\u00f3n \u00abpulso a pulso, o en \u00abbarrido r\u00e1pido\u00bb.<\/p>\n<p>GS2 3 Longitudes Onda \u00e9s el L\u00e1ser de Diodo de alta potencia, para la depilaci\u00f3n con la mejor calidad-precio del mercado actual.<\/p>\n<h3>M\u00e1quina L\u00e1ser 3 Longitudes Onda :<\/h3>\n<p>Calidad: Fabricado en Europa.<br \/>\nSoftware: Sencillez de uso.<br \/>\nGarant\u00eda: certificados CEE (Nueva Regulaci\u00f3n &#8211; MDR)<br \/>\nFormaci\u00f3n personalizada: Incluye documentaci\u00f3n y manual.<br \/>\nServicio t\u00e9cnico para toda Espa\u00f1a y Atenci\u00f3n post-venta.<br \/>\nNo necesita pagar a un t\u00e9cnico<br \/>\nNo tiene costos de aduanas<\/p>\n<h2>Tecnolog\u00eda de Clamping GS2 Pro<\/h2>\n<p>El modelo Gspeed GS2 Pro incorpora tecnolog\u00eda europea patentada:<\/p>\n<ul>\n<li>Sistema de refrigeraci\u00f3n inteligente GS2<\/li>\n<li>GS2 UPC : Un sistema de seguridad y precisi\u00f3n que funciona mediante la acci\u00f3n de dos microcontroladores (de doble n\u00facleo).<\/li>\n<li>Sistema de calibraci\u00f3n de precisi\u00f3n GS2: A diferencia de otros equipos que realizan la prueba de calibraci\u00f3n por aproximaci\u00f3n, el sistema de calibraci\u00f3n GS2 garantiza con exactitud una intensidad de trabajo adecuada.<\/li>\n<li>Tecnolog\u00eda <strong>Clamping<\/strong> europea (patentada): Proporciona una mayor vida \u00fatil al emisor l\u00e1ser y una mayor eficacia y precisi\u00f3n en cada pulso, sin p\u00e9rdidas debidas a la dilataci\u00f3n t\u00e9rmica.<\/li>\n<\/ul>\n<p><a href=\"https:\/\/www.gspeed.pt\/equipamentos\/\">Vea otros equipos de depilaci\u00f3n l\u00e1ser de nuestra marca aqu\u00ed<\/a><\/p>\n<\/div><\/section><br \/>\n<div  class='togglecontainer av-k1g9qiyk-3ccdc9a5d50ef81af36e96e275c1811b av-minimal-toggle  avia-builder-el-6  el_after_av_textblock  avia-builder-el-last  toggle_close_all' >\n<section class='av_toggle_section av-lseus1t7-7025735cedfdf7b1c1e9790ebb135bef'  itemscope=\"itemscope\" itemtype=\"https:\/\/schema.org\/CreativeWork\" ><div role=\"tablist\" class=\"single_toggle\" data-tags=\"{Todo} \"  ><p data-fake-id='#toggle-id-1' class='toggler  activeTitle '  itemprop=\"headline\"  role='tab' tabindex='0' aria-controls='toggle-id-1'>Especificaciones<span class=\"toggle_icon\"><span class=\"vert_icon\"><\/span><span class=\"hor_icon\"><\/span><\/span><\/p><div id='toggle-id-1' class='toggle_wrap  active_tc' style='display:block;' ><div class='toggle_content invers-color '  itemprop=\"text\" ><ul>\n<li>Tipo de l\u00e1ser : Diodo<\/li>\n<li>Longitud de onda: 755 nm | 810 nm \/1064nm<\/li>\n<li>Cooling Method: air + water + semicondutor<\/li>\n<li>Spot size: 10 x 10 mm<\/li>\n<li>Laser Trigger: Finger Trigger<\/li>\n<li>Display touch screen active area: 185mm x 145 mm<\/li>\n<li>Speaker : 4 ohm , 3 W<\/li>\n<li>Potencia Real del emisor L\u00e1ser: : 3000w<\/li>\n<li>Densidad de energ\u00eda m\u00e1x: 40\u00a0 J\/cm2<\/li>\n<li>Ancho del pulso: 15 ~ 100 ms<\/li>\n<li>Dimensiones: 48x33x22cm<\/li>\n<li>Peso : ( 19 Kgs ~26 Kgs)<\/li>\n<\/ul>\n<\/div><\/div><\/div><\/section>\n<section class='av_toggle_section av-m6b0eass-be4c9e2f3368d796fac1bf09fca9ddf8'  itemscope=\"itemscope\" itemtype=\"https:\/\/schema.org\/CreativeWork\" ><div role=\"tablist\" class=\"single_toggle\" data-tags=\"{Todo} {M\u00e1quina L\u00e1ser Diodo Depil\u00e1cion} \"  ><p data-fake-id='#toggle-id-2' class='toggler   '  itemprop=\"headline\"  role='tab' tabindex='0' aria-controls='toggle-id-2'>Video <span class=\"toggle_icon\"><span class=\"vert_icon\"><\/span><span class=\"hor_icon\"><\/span><\/span><\/p><div id='toggle-id-2' class='toggle_wrap  '  ><div class='toggle_content invers-color '  itemprop=\"text\" ><style>.embed-container { position: relative; padding-bottom: 56.25%; height: 0; overflow: hidden; max-width: 100%; } .embed-container iframe, .embed-container object, .embed-container embed { position: absolute; top: 0; left: 0; width: 100%; height: 100%; }<\/style>\n<div class=\"embed-container\"><iframe src=\"https:\/\/www.youtube.com\/embed\/52T09eSSOeg?si=VJCQnhDsxsiHqyc6\"><\/iframe><\/div>\n<\/div><\/div><\/div><\/section>\n<\/div><\/p><\/div>\n<style type=\"text\/css\" data-created_by=\"avia_inline_auto\" id=\"style-css-av-lsj1m2yk-cc5d6c0bb071d989fbd422af4173258a\">\n#top .hr.hr-invisible.av-lsj1m2yk-cc5d6c0bb071d989fbd422af4173258a{\nheight:40px;\n}\n<\/style>\n<div  class='hr av-lsj1m2yk-cc5d6c0bb071d989fbd422af4173258a hr-invisible  avia-builder-el-7  el_after_av_three_fifth  avia-builder-el-last '><span class='hr-inner '><span class=\"hr-inner-style\"><\/span><\/span><\/div>\n\n","protected":false},"excerpt":{"rendered":"","protected":false},"author":2,"featured_media":3046,"parent":0,"menu_order":0,"comment_status":"closed","ping_status":"closed","template":"","meta":{"footnotes":""},"class_list":["post-3774","page","type-page","status-publish","has-post-thumbnail","hentry"],"yoast_head":"<!-- This site is optimized with the Yoast SEO Premium plugin v27.1 (Yoast SEO v27.1.1) - https:\/\/yoast.com\/product\/yoast-seo-premium-wordpress\/ -->\n<title>M\u00e1quina L\u00e1ser 3 Longitudes Onda | GSPEED Technologies<\/title>\n<meta name=\"description\" content=\"M\u00e1quina L\u00e1ser 3 Longitudes \u00e9s el L\u00e1ser de Diodo de alta potencia, para la depilaci\u00f3n con la mejor calidad-precio del mercado actual.\" \/>\n<meta name=\"robots\" content=\"index, follow, max-snippet:-1, max-image-preview:large, max-video-preview:-1\" \/>\n<link rel=\"canonical\" href=\"https:\/\/www.gspeed.pt\/es\/maquina-laser-3-longitudes-onda\/\" \/>\n<meta property=\"og:locale\" content=\"es_ES\" \/>\n<meta property=\"og:type\" content=\"article\" \/>\n<meta property=\"og:title\" content=\"M\u00e1quina L\u00e1ser 3 Longitudes Onda\" \/>\n<meta property=\"og:description\" content=\"M\u00e1quina L\u00e1ser 3 Longitudes Onda para Depil\u00e1cion L\u00e1ser\" \/>\n<meta property=\"og:url\" content=\"https:\/\/www.gspeed.pt\/es\/maquina-laser-3-longitudes-onda\/\" \/>\n<meta property=\"og:site_name\" content=\"GSPEED Technologies\" \/>\n<meta property=\"article:publisher\" content=\"https:\/\/www.facebook.com\/Aestheticmanufacturer\/\" \/>\n<meta property=\"article:modified_time\" content=\"2025-10-12T21:08:37+00:00\" \/>\n<meta property=\"og:image\" content=\"https:\/\/www.gspeed.pt\/wp-content\/uploads\/2025\/01\/Laser-3-Longitudes-Onda-1.jpg\" \/>\n\t<meta property=\"og:image:width\" content=\"800\" \/>\n\t<meta property=\"og:image:height\" content=\"976\" \/>\n\t<meta property=\"og:image:type\" content=\"image\/jpeg\" \/>\n<meta name=\"twitter:card\" content=\"summary_large_image\" \/>\n<meta name=\"twitter:title\" content=\"M\u00e1quina L\u00e1ser 3 Longitudes Onda\" \/>\n<script type=\"application\/ld+json\" class=\"yoast-schema-graph\">{\"@context\":\"https:\/\/schema.org\",\"@graph\":[{\"@type\":\"WebPage\",\"@id\":\"https:\/\/www.gspeed.pt\/es\/maquina-laser-3-longitudes-onda\/\",\"url\":\"https:\/\/www.gspeed.pt\/es\/maquina-laser-3-longitudes-onda\/\",\"name\":\"M\u00e1quina L\u00e1ser 3 Longitudes Onda | GSPEED Technologies\",\"isPartOf\":{\"@id\":\"https:\/\/www.gspeed.pt\/#website\"},\"primaryImageOfPage\":{\"@id\":\"https:\/\/www.gspeed.pt\/es\/maquina-laser-3-longitudes-onda\/#primaryimage\"},\"image\":{\"@id\":\"https:\/\/www.gspeed.pt\/es\/maquina-laser-3-longitudes-onda\/#primaryimage\"},\"thumbnailUrl\":\"https:\/\/www.gspeed.pt\/wp-content\/uploads\/2020\/07\/x1.jpg\",\"datePublished\":\"2025-01-24T16:13:13+00:00\",\"dateModified\":\"2025-10-12T21:08:37+00:00\",\"description\":\"M\u00e1quina L\u00e1ser 3 Longitudes \u00e9s el L\u00e1ser de Diodo de alta potencia, para la depilaci\u00f3n con la mejor calidad-precio del mercado actual.\",\"breadcrumb\":{\"@id\":\"https:\/\/www.gspeed.pt\/es\/maquina-laser-3-longitudes-onda\/#breadcrumb\"},\"inLanguage\":\"es\",\"potentialAction\":[{\"@type\":\"ReadAction\",\"target\":[\"https:\/\/www.gspeed.pt\/es\/maquina-laser-3-longitudes-onda\/\"]}]},{\"@type\":\"ImageObject\",\"inLanguage\":\"es\",\"@id\":\"https:\/\/www.gspeed.pt\/es\/maquina-laser-3-longitudes-onda\/#primaryimage\",\"url\":\"https:\/\/www.gspeed.pt\/wp-content\/uploads\/2020\/07\/x1.jpg\",\"contentUrl\":\"https:\/\/www.gspeed.pt\/wp-content\/uploads\/2020\/07\/x1.jpg\",\"width\":572,\"height\":698,\"caption\":\"Triple Laser\"},{\"@type\":\"BreadcrumbList\",\"@id\":\"https:\/\/www.gspeed.pt\/es\/maquina-laser-3-longitudes-onda\/#breadcrumb\",\"itemListElement\":[{\"@type\":\"ListItem\",\"position\":1,\"name\":\"In\u00edcio\",\"item\":\"https:\/\/www.gspeed.pt\/es\/equipos-depilacion-laser\/\"},{\"@type\":\"ListItem\",\"position\":2,\"name\":\"M\u00e1quina L\u00e1ser 3 Longitudes Onda\"}]},{\"@type\":\"WebSite\",\"@id\":\"https:\/\/www.gspeed.pt\/#website\",\"url\":\"https:\/\/www.gspeed.pt\/\",\"name\":\"GSPEED Technologies\",\"description\":\"\",\"publisher\":{\"@id\":\"https:\/\/www.gspeed.pt\/#organization\"},\"potentialAction\":[{\"@type\":\"SearchAction\",\"target\":{\"@type\":\"EntryPoint\",\"urlTemplate\":\"https:\/\/www.gspeed.pt\/?s={search_term_string}\"},\"query-input\":{\"@type\":\"PropertyValueSpecification\",\"valueRequired\":true,\"valueName\":\"search_term_string\"}}],\"inLanguage\":\"es\"},{\"@type\":[\"Organization\",\"Place\"],\"@id\":\"https:\/\/www.gspeed.pt\/#organization\",\"name\":\"GSPEED Technologies\",\"url\":\"https:\/\/www.gspeed.pt\/\",\"logo\":{\"@id\":\"https:\/\/www.gspeed.pt\/es\/maquina-laser-3-longitudes-onda\/#local-main-organization-logo\"},\"image\":{\"@id\":\"https:\/\/www.gspeed.pt\/es\/maquina-laser-3-longitudes-onda\/#local-main-organization-logo\"},\"sameAs\":[\"https:\/\/www.facebook.com\/Aestheticmanufacturer\/\"],\"telephone\":[],\"openingHoursSpecification\":[{\"@type\":\"OpeningHoursSpecification\",\"dayOfWeek\":[\"Monday\",\"Tuesday\",\"Wednesday\",\"Thursday\",\"Friday\",\"Saturday\",\"Sunday\"],\"opens\":\"09:00\",\"closes\":\"17:00\"}]},{\"@type\":\"ImageObject\",\"inLanguage\":\"es\",\"@id\":\"https:\/\/www.gspeed.pt\/es\/maquina-laser-3-longitudes-onda\/#local-main-organization-logo\",\"url\":\"https:\/\/www.gspeed.pt\/wp-content\/uploads\/2019\/10\/GSPEED_logo_home.png\",\"contentUrl\":\"https:\/\/www.gspeed.pt\/wp-content\/uploads\/2019\/10\/GSPEED_logo_home.png\",\"width\":450,\"height\":152,\"caption\":\"GSPEED Technologies\"}]}<\/script>\n<!-- \/ Yoast SEO Premium plugin. -->","yoast_head_json":{"title":"M\u00e1quina L\u00e1ser 3 Longitudes Onda | GSPEED Technologies","description":"M\u00e1quina L\u00e1ser 3 Longitudes \u00e9s el L\u00e1ser de Diodo de alta potencia, para la depilaci\u00f3n con la mejor calidad-precio del mercado actual.","robots":{"index":"index","follow":"follow","max-snippet":"max-snippet:-1","max-image-preview":"max-image-preview:large","max-video-preview":"max-video-preview:-1"},"canonical":"https:\/\/www.gspeed.pt\/es\/maquina-laser-3-longitudes-onda\/","og_locale":"es_ES","og_type":"article","og_title":"M\u00e1quina L\u00e1ser 3 Longitudes Onda","og_description":"M\u00e1quina L\u00e1ser 3 Longitudes Onda para Depil\u00e1cion L\u00e1ser","og_url":"https:\/\/www.gspeed.pt\/es\/maquina-laser-3-longitudes-onda\/","og_site_name":"GSPEED Technologies","article_publisher":"https:\/\/www.facebook.com\/Aestheticmanufacturer\/","article_modified_time":"2025-10-12T21:08:37+00:00","og_image":[{"width":800,"height":976,"url":"https:\/\/www.gspeed.pt\/wp-content\/uploads\/2025\/01\/Laser-3-Longitudes-Onda-1.jpg","type":"image\/jpeg"}],"twitter_card":"summary_large_image","twitter_title":"M\u00e1quina L\u00e1ser 3 Longitudes Onda","schema":{"@context":"https:\/\/schema.org","@graph":[{"@type":"WebPage","@id":"https:\/\/www.gspeed.pt\/es\/maquina-laser-3-longitudes-onda\/","url":"https:\/\/www.gspeed.pt\/es\/maquina-laser-3-longitudes-onda\/","name":"M\u00e1quina L\u00e1ser 3 Longitudes Onda | GSPEED Technologies","isPartOf":{"@id":"https:\/\/www.gspeed.pt\/#website"},"primaryImageOfPage":{"@id":"https:\/\/www.gspeed.pt\/es\/maquina-laser-3-longitudes-onda\/#primaryimage"},"image":{"@id":"https:\/\/www.gspeed.pt\/es\/maquina-laser-3-longitudes-onda\/#primaryimage"},"thumbnailUrl":"https:\/\/www.gspeed.pt\/wp-content\/uploads\/2020\/07\/x1.jpg","datePublished":"2025-01-24T16:13:13+00:00","dateModified":"2025-10-12T21:08:37+00:00","description":"M\u00e1quina L\u00e1ser 3 Longitudes \u00e9s el L\u00e1ser de Diodo de alta potencia, para la depilaci\u00f3n con la mejor calidad-precio del mercado actual.","breadcrumb":{"@id":"https:\/\/www.gspeed.pt\/es\/maquina-laser-3-longitudes-onda\/#breadcrumb"},"inLanguage":"es","potentialAction":[{"@type":"ReadAction","target":["https:\/\/www.gspeed.pt\/es\/maquina-laser-3-longitudes-onda\/"]}]},{"@type":"ImageObject","inLanguage":"es","@id":"https:\/\/www.gspeed.pt\/es\/maquina-laser-3-longitudes-onda\/#primaryimage","url":"https:\/\/www.gspeed.pt\/wp-content\/uploads\/2020\/07\/x1.jpg","contentUrl":"https:\/\/www.gspeed.pt\/wp-content\/uploads\/2020\/07\/x1.jpg","width":572,"height":698,"caption":"Triple Laser"},{"@type":"BreadcrumbList","@id":"https:\/\/www.gspeed.pt\/es\/maquina-laser-3-longitudes-onda\/#breadcrumb","itemListElement":[{"@type":"ListItem","position":1,"name":"In\u00edcio","item":"https:\/\/www.gspeed.pt\/es\/equipos-depilacion-laser\/"},{"@type":"ListItem","position":2,"name":"M\u00e1quina L\u00e1ser 3 Longitudes Onda"}]},{"@type":"WebSite","@id":"https:\/\/www.gspeed.pt\/#website","url":"https:\/\/www.gspeed.pt\/","name":"GSPEED Technologies","description":"","publisher":{"@id":"https:\/\/www.gspeed.pt\/#organization"},"potentialAction":[{"@type":"SearchAction","target":{"@type":"EntryPoint","urlTemplate":"https:\/\/www.gspeed.pt\/?s={search_term_string}"},"query-input":{"@type":"PropertyValueSpecification","valueRequired":true,"valueName":"search_term_string"}}],"inLanguage":"es"},{"@type":["Organization","Place"],"@id":"https:\/\/www.gspeed.pt\/#organization","name":"GSPEED Technologies","url":"https:\/\/www.gspeed.pt\/","logo":{"@id":"https:\/\/www.gspeed.pt\/es\/maquina-laser-3-longitudes-onda\/#local-main-organization-logo"},"image":{"@id":"https:\/\/www.gspeed.pt\/es\/maquina-laser-3-longitudes-onda\/#local-main-organization-logo"},"sameAs":["https:\/\/www.facebook.com\/Aestheticmanufacturer\/"],"telephone":[],"openingHoursSpecification":[{"@type":"OpeningHoursSpecification","dayOfWeek":["Monday","Tuesday","Wednesday","Thursday","Friday","Saturday","Sunday"],"opens":"09:00","closes":"17:00"}]},{"@type":"ImageObject","inLanguage":"es","@id":"https:\/\/www.gspeed.pt\/es\/maquina-laser-3-longitudes-onda\/#local-main-organization-logo","url":"https:\/\/www.gspeed.pt\/wp-content\/uploads\/2019\/10\/GSPEED_logo_home.png","contentUrl":"https:\/\/www.gspeed.pt\/wp-content\/uploads\/2019\/10\/GSPEED_logo_home.png","width":450,"height":152,"caption":"GSPEED Technologies"}]}},"_links":{"self":[{"href":"https:\/\/www.gspeed.pt\/es\/wp-json\/wp\/v2\/pages\/3774","targetHints":{"allow":["GET"]}}],"collection":[{"href":"https:\/\/www.gspeed.pt\/es\/wp-json\/wp\/v2\/pages"}],"about":[{"href":"https:\/\/www.gspeed.pt\/es\/wp-json\/wp\/v2\/types\/page"}],"author":[{"embeddable":true,"href":"https:\/\/www.gspeed.pt\/es\/wp-json\/wp\/v2\/users\/2"}],"replies":[{"embeddable":true,"href":"https:\/\/www.gspeed.pt\/es\/wp-json\/wp\/v2\/comments?post=3774"}],"version-history":[{"count":9,"href":"https:\/\/www.gspeed.pt\/es\/wp-json\/wp\/v2\/pages\/3774\/revisions"}],"predecessor-version":[{"id":7785,"href":"https:\/\/www.gspeed.pt\/es\/wp-json\/wp\/v2\/pages\/3774\/revisions\/7785"}],"wp:featuredmedia":[{"embeddable":true,"href":"https:\/\/www.gspeed.pt\/es\/wp-json\/wp\/v2\/media\/3046"}],"wp:attachment":[{"href":"https:\/\/www.gspeed.pt\/es\/wp-json\/wp\/v2\/media?parent=3774"}],"curies":[{"name":"wp","href":"https:\/\/api.w.org\/{rel}","templated":true}]}}