{"id":2628,"date":"2018-09-28T17:11:34","date_gmt":"2018-09-28T17:11:34","guid":{"rendered":"https:\/\/www.gspeed.pt\/politica-de-privacidade\/"},"modified":"2019-10-23T16:38:44","modified_gmt":"2019-10-23T16:38:44","slug":"politica-de-privacidad","status":"publish","type":"page","link":"https:\/\/www.gspeed.pt\/es\/politica-de-privacidad\/","title":{"rendered":"Pol\u00edtica de Privacidad"},"content":{"rendered":"\n<style type=\"text\/css\" data-created_by=\"avia_inline_auto\" id=\"style-css-av-jmqif7qy-216a6538daf0caf69ecd8e3e0bde5570\">\n.avia-section.av-jmqif7qy-216a6538daf0caf69ecd8e3e0bde5570{\nbackground-repeat:no-repeat;\nbackground-image:url(https:\/\/www.gspeed.pt\/wp-content\/uploads\/2018\/10\/8478.jpg);\nbackground-position:50% 50%;\nbackground-attachment:scroll;\n}\n.avia-section.av-jmqif7qy-216a6538daf0caf69ecd8e3e0bde5570 .av-section-color-overlay{\nopacity:0.6;\nbackground-color:#000000;\n}\n<\/style>\n<div id='av_section_1'  class='avia-section av-jmqif7qy-216a6538daf0caf69ecd8e3e0bde5570 main_color avia-section-default avia-no-border-styling  avia-builder-el-0  el_before_av_section  avia-builder-el-first  avia-full-stretch avia-bg-style-scroll av-section-color-overlay-active av-minimum-height av-minimum-height-custom  container_wrap fullsize'  data-section-bg-repeat='stretch' data-av_minimum_height_px='200'><div class=\"av-section-color-overlay-wrap\"><div class=\"av-section-color-overlay\"><\/div><div class='container av-section-cont-open' style='height:200px'><main  role=\"main\" itemprop=\"mainContentOfPage\"  class='template-page content  av-content-full alpha units'><div class='post-entry post-entry-type-page post-entry-2628'><div class='entry-content-wrapper clearfix'>\n\n<style type=\"text\/css\" data-created_by=\"avia_inline_auto\" id=\"style-css-av-jpjqne51-8cceada743412737b2c6948ac9a65dd3\">\n#top .av-special-heading.av-jpjqne51-8cceada743412737b2c6948ac9a65dd3{\npadding-bottom:10px;\ncolor:#00afef;\n}\nbody .av-special-heading.av-jpjqne51-8cceada743412737b2c6948ac9a65dd3 .av-special-heading-tag .heading-char{\nfont-size:25px;\n}\n.av-special-heading.av-jpjqne51-8cceada743412737b2c6948ac9a65dd3 .special-heading-inner-border{\nborder-color:#00afef;\n}\n.av-special-heading.av-jpjqne51-8cceada743412737b2c6948ac9a65dd3 .av-subheading{\nfont-size:15px;\n}\n<\/style>\n<div  class='av-special-heading av-jpjqne51-8cceada743412737b2c6948ac9a65dd3 av-special-heading-h1 custom-color-heading blockquote modern-quote  avia-builder-el-1  avia-builder-el-no-sibling '><h1 class='av-special-heading-tag'  itemprop=\"headline\"  ><b>GSPEED<\/b>\/ Pol\u00edtica de Privacidad<\/h1><div class=\"special-heading-border\"><div class=\"special-heading-inner-border\"><\/div><\/div><\/div>\n\n<\/div><\/div><\/main><!-- close content main element --><\/div><\/div><\/div><div id='av_section_2'  class='avia-section av-1zphb8-8f3766f88a0112df8179d743a0964480 main_color avia-section-large avia-no-border-styling  avia-builder-el-2  el_after_av_section  avia-builder-el-last  avia-bg-style-scroll container_wrap fullsize'  ><div class='container av-section-cont-open' ><div class='template-page content  av-content-full alpha units'><div class='post-entry post-entry-type-page post-entry-2628'><div class='entry-content-wrapper clearfix'>\n<section  class='av_textblock_section av-jnbkzc1c-2f09c1aa0c467c8359abcd5ada45c144'  itemscope=\"itemscope\" itemtype=\"https:\/\/schema.org\/CreativeWork\" ><div class='avia_textblock'  itemprop=\"text\" ><div class=\"text\">\n<p>Al acceder al sitio web de GSPEED y las p\u00e1ginas relacionadas, el usuario se compromete a respetar y aceptar los t\u00e9rminos y condiciones de uso respectivos.<\/p>\n<h3>POL\u00cdTICA DE PRIVACIDAD Y PROTECCI\u00d3N DE DATOS<\/h3>\n<p>Usted es el \u00fanico responsable de toda la informaci\u00f3n que proporcione en este sitio. Cl\u00ednica S\u00e3o Dente procesar\u00e1 los datos con el fin de proporcionar servicios y la gesti\u00f3n administrativa y comercial de la informaci\u00f3n proporcionada.<\/p>\n<p>La informaci\u00f3n recolectada en el presente formulario en el sector de <strong>CONTATOS<\/strong>, solo se utiliza para prop\u00f3sitos de respuesta.<\/p>\n<p>En cualquier momento, el usuario puede solicitar la modificaci\u00f3n y \/ o eliminaci\u00f3n de la informaci\u00f3n proporcionada. Para cualquier asunto relacionado con esta informaci\u00f3n, el usuario debe enviar una comunicaci\u00f3n por escrito dirigida a GSPEED, a trav\u00e9s del siguiente correo electr\u00f3nico: <a href=\"mailto:geral@gspeed.pt\"><strong>geral@gspeed.pt<\/strong><\/a>.<\/p>\n<h3>RECOLECCI\u00d3N Y USO DE INFORMACI\u00d3N NO PERSONAL<\/h3>\n<p>Como es habitual, nuestro sitio puede usar \u00abcookies\u00bb u otras tecnolog\u00edas para ayudarlo a ofrecer contenido espec\u00edfico a sus intereses o para analizar sus patrones de visitas. Las cookies, por s\u00ed mismas, no pueden utilizarse para revelar su identidad individual. Esta informaci\u00f3n identifica su navegador. Si lo desea, puede eliminar o bloquear las cookies en cualquier momento simplemente actualizando la configuraci\u00f3n de su navegador consultando el men\u00fa \u00abAyuda\u00bb. Para obtener m\u00e1s informaci\u00f3n sobre las cookies: <a href=\"https:\/\/support.microsoft.com\/en-us\/help\/260971\/description-of-cookies\" target=\"_blank\" rel=\"noopener noreferrer\"><strong>https:\/\/support.microsoft.com\/en-us\/help\/260971\/description-of-cookies<\/strong><\/a>.<\/p>\n<h3>DERECHOS DE AUTOR Y PROPIEDAD INDUSTRIAL<\/h3>\n<p>El contenido de este sitio web, en texto, imagen y documentos adjuntos, es propiedad de GSPEED. La reproducci\u00f3n, copia, modificaci\u00f3n, transmisi\u00f3n, distribuci\u00f3n, reproducci\u00f3n o devoluci\u00f3n, total o parcialmente, con fines comerciales u otros, sin el consentimiento previo por escrito de GSPEED, est\u00e1 expresamente prohibida y es sancionable por ley. El usuario se compromete a acceder al sitio \u00fanicamente con fines legales.<\/p>\n<h3>RENUNCIA DE RESPONSABILIDAD<\/h3>\n<p>GSPEED no es responsable de ning\u00fan da\u00f1o o p\u00e9rdida, directa o indirecta, que pueda resultar del uso de la informaci\u00f3n contenida en este sitio o relacionada con el uso de este sitio.<\/p>\n<\/div>\n<\/div><\/section>\n\n","protected":false},"excerpt":{"rendered":"","protected":false},"author":1,"featured_media":0,"parent":0,"menu_order":0,"comment_status":"closed","ping_status":"closed","template":"","meta":{"footnotes":""},"class_list":["post-2628","page","type-page","status-publish","hentry"],"yoast_head":"<!-- This site is optimized with the Yoast SEO Premium plugin v27.4 (Yoast SEO v27.4) - https:\/\/yoast.com\/product\/yoast-seo-premium-wordpress\/ -->\n<title>Pol\u00edtica de Privacidad | GSPEED Technologies<\/title>\n<meta name=\"robots\" content=\"index, follow, max-snippet:-1, max-image-preview:large, max-video-preview:-1\" \/>\n<link rel=\"canonical\" href=\"https:\/\/www.gspeed.pt\/es\/politica-de-privacidad\/\" \/>\n<meta property=\"og:locale\" content=\"es_ES\" \/>\n<meta property=\"og:type\" content=\"article\" \/>\n<meta property=\"og:title\" content=\"Pol\u00edtica de Privacidad\" \/>\n<meta property=\"og:url\" content=\"https:\/\/www.gspeed.pt\/es\/politica-de-privacidad\/\" \/>\n<meta property=\"og:site_name\" content=\"GSPEED Technologies\" \/>\n<meta property=\"article:publisher\" content=\"https:\/\/www.facebook.com\/Aestheticmanufacturer\/\" \/>\n<meta property=\"article:modified_time\" content=\"2019-10-23T16:38:44+00:00\" \/>\n<meta name=\"twitter:card\" content=\"summary_large_image\" \/>\n<meta name=\"twitter:label1\" content=\"Tiempo de lectura\" \/>\n\t<meta name=\"twitter:data1\" content=\"3 minutos\" \/>\n<script type=\"application\/ld+json\" class=\"yoast-schema-graph\">{\"@context\":\"https:\\\/\\\/schema.org\",\"@graph\":[{\"@type\":\"WebPage\",\"@id\":\"https:\\\/\\\/www.gspeed.pt\\\/es\\\/politica-de-privacidad\\\/\",\"url\":\"https:\\\/\\\/www.gspeed.pt\\\/es\\\/politica-de-privacidad\\\/\",\"name\":\"Pol\u00edtica de Privacidad | GSPEED Technologies\",\"isPartOf\":{\"@id\":\"https:\\\/\\\/www.gspeed.pt\\\/#website\"},\"datePublished\":\"2018-09-28T17:11:34+00:00\",\"dateModified\":\"2019-10-23T16:38:44+00:00\",\"breadcrumb\":{\"@id\":\"https:\\\/\\\/www.gspeed.pt\\\/es\\\/politica-de-privacidad\\\/#breadcrumb\"},\"inLanguage\":\"es\",\"potentialAction\":[{\"@type\":\"ReadAction\",\"target\":[\"https:\\\/\\\/www.gspeed.pt\\\/es\\\/politica-de-privacidad\\\/\"]}]},{\"@type\":\"BreadcrumbList\",\"@id\":\"https:\\\/\\\/www.gspeed.pt\\\/es\\\/politica-de-privacidad\\\/#breadcrumb\",\"itemListElement\":[{\"@type\":\"ListItem\",\"position\":1,\"name\":\"In\u00edcio\",\"item\":\"https:\\\/\\\/www.gspeed.pt\\\/es\\\/equipos-depilacion-laser\\\/\"},{\"@type\":\"ListItem\",\"position\":2,\"name\":\"Pol\u00edtica de Privacidad\"}]},{\"@type\":\"WebSite\",\"@id\":\"https:\\\/\\\/www.gspeed.pt\\\/#website\",\"url\":\"https:\\\/\\\/www.gspeed.pt\\\/\",\"name\":\"GSPEED Technologies\",\"description\":\"\",\"publisher\":{\"@id\":\"https:\\\/\\\/www.gspeed.pt\\\/#organization\"},\"potentialAction\":[{\"@type\":\"SearchAction\",\"target\":{\"@type\":\"EntryPoint\",\"urlTemplate\":\"https:\\\/\\\/www.gspeed.pt\\\/?s={search_term_string}\"},\"query-input\":{\"@type\":\"PropertyValueSpecification\",\"valueRequired\":true,\"valueName\":\"search_term_string\"}}],\"inLanguage\":\"es\"},{\"@type\":[\"Organization\",\"Place\"],\"@id\":\"https:\\\/\\\/www.gspeed.pt\\\/#organization\",\"name\":\"GSPEED Technologies\",\"url\":\"https:\\\/\\\/www.gspeed.pt\\\/\",\"logo\":{\"@id\":\"https:\\\/\\\/www.gspeed.pt\\\/es\\\/politica-de-privacidad\\\/#local-main-organization-logo\"},\"image\":{\"@id\":\"https:\\\/\\\/www.gspeed.pt\\\/es\\\/politica-de-privacidad\\\/#local-main-organization-logo\"},\"sameAs\":[\"https:\\\/\\\/www.facebook.com\\\/Aestheticmanufacturer\\\/\"],\"telephone\":[],\"openingHoursSpecification\":[{\"@type\":\"OpeningHoursSpecification\",\"dayOfWeek\":[\"Monday\",\"Tuesday\",\"Wednesday\",\"Thursday\",\"Friday\",\"Saturday\",\"Sunday\"],\"opens\":\"09:00\",\"closes\":\"17:00\"}]},{\"@type\":\"ImageObject\",\"inLanguage\":\"es\",\"@id\":\"https:\\\/\\\/www.gspeed.pt\\\/es\\\/politica-de-privacidad\\\/#local-main-organization-logo\",\"url\":\"https:\\\/\\\/www.gspeed.pt\\\/wp-content\\\/uploads\\\/2019\\\/10\\\/GSPEED_logo_home.png\",\"contentUrl\":\"https:\\\/\\\/www.gspeed.pt\\\/wp-content\\\/uploads\\\/2019\\\/10\\\/GSPEED_logo_home.png\",\"width\":450,\"height\":152,\"caption\":\"GSPEED Technologies\"}]}<\/script>\n<!-- \/ Yoast SEO Premium plugin. -->","yoast_head_json":{"title":"Pol\u00edtica de Privacidad | GSPEED Technologies","robots":{"index":"index","follow":"follow","max-snippet":"max-snippet:-1","max-image-preview":"max-image-preview:large","max-video-preview":"max-video-preview:-1"},"canonical":"https:\/\/www.gspeed.pt\/es\/politica-de-privacidad\/","og_locale":"es_ES","og_type":"article","og_title":"Pol\u00edtica de Privacidad","og_url":"https:\/\/www.gspeed.pt\/es\/politica-de-privacidad\/","og_site_name":"GSPEED Technologies","article_publisher":"https:\/\/www.facebook.com\/Aestheticmanufacturer\/","article_modified_time":"2019-10-23T16:38:44+00:00","twitter_card":"summary_large_image","twitter_misc":{"Tiempo de lectura":"3 minutos"},"schema":{"@context":"https:\/\/schema.org","@graph":[{"@type":"WebPage","@id":"https:\/\/www.gspeed.pt\/es\/politica-de-privacidad\/","url":"https:\/\/www.gspeed.pt\/es\/politica-de-privacidad\/","name":"Pol\u00edtica de Privacidad | GSPEED Technologies","isPartOf":{"@id":"https:\/\/www.gspeed.pt\/#website"},"datePublished":"2018-09-28T17:11:34+00:00","dateModified":"2019-10-23T16:38:44+00:00","breadcrumb":{"@id":"https:\/\/www.gspeed.pt\/es\/politica-de-privacidad\/#breadcrumb"},"inLanguage":"es","potentialAction":[{"@type":"ReadAction","target":["https:\/\/www.gspeed.pt\/es\/politica-de-privacidad\/"]}]},{"@type":"BreadcrumbList","@id":"https:\/\/www.gspeed.pt\/es\/politica-de-privacidad\/#breadcrumb","itemListElement":[{"@type":"ListItem","position":1,"name":"In\u00edcio","item":"https:\/\/www.gspeed.pt\/es\/equipos-depilacion-laser\/"},{"@type":"ListItem","position":2,"name":"Pol\u00edtica de Privacidad"}]},{"@type":"WebSite","@id":"https:\/\/www.gspeed.pt\/#website","url":"https:\/\/www.gspeed.pt\/","name":"GSPEED Technologies","description":"","publisher":{"@id":"https:\/\/www.gspeed.pt\/#organization"},"potentialAction":[{"@type":"SearchAction","target":{"@type":"EntryPoint","urlTemplate":"https:\/\/www.gspeed.pt\/?s={search_term_string}"},"query-input":{"@type":"PropertyValueSpecification","valueRequired":true,"valueName":"search_term_string"}}],"inLanguage":"es"},{"@type":["Organization","Place"],"@id":"https:\/\/www.gspeed.pt\/#organization","name":"GSPEED Technologies","url":"https:\/\/www.gspeed.pt\/","logo":{"@id":"https:\/\/www.gspeed.pt\/es\/politica-de-privacidad\/#local-main-organization-logo"},"image":{"@id":"https:\/\/www.gspeed.pt\/es\/politica-de-privacidad\/#local-main-organization-logo"},"sameAs":["https:\/\/www.facebook.com\/Aestheticmanufacturer\/"],"telephone":[],"openingHoursSpecification":[{"@type":"OpeningHoursSpecification","dayOfWeek":["Monday","Tuesday","Wednesday","Thursday","Friday","Saturday","Sunday"],"opens":"09:00","closes":"17:00"}]},{"@type":"ImageObject","inLanguage":"es","@id":"https:\/\/www.gspeed.pt\/es\/politica-de-privacidad\/#local-main-organization-logo","url":"https:\/\/www.gspeed.pt\/wp-content\/uploads\/2019\/10\/GSPEED_logo_home.png","contentUrl":"https:\/\/www.gspeed.pt\/wp-content\/uploads\/2019\/10\/GSPEED_logo_home.png","width":450,"height":152,"caption":"GSPEED Technologies"}]}},"_links":{"self":[{"href":"https:\/\/www.gspeed.pt\/es\/wp-json\/wp\/v2\/pages\/2628","targetHints":{"allow":["GET"]}}],"collection":[{"href":"https:\/\/www.gspeed.pt\/es\/wp-json\/wp\/v2\/pages"}],"about":[{"href":"https:\/\/www.gspeed.pt\/es\/wp-json\/wp\/v2\/types\/page"}],"author":[{"embeddable":true,"href":"https:\/\/www.gspeed.pt\/es\/wp-json\/wp\/v2\/users\/1"}],"replies":[{"embeddable":true,"href":"https:\/\/www.gspeed.pt\/es\/wp-json\/wp\/v2\/comments?post=2628"}],"version-history":[{"count":0,"href":"https:\/\/www.gspeed.pt\/es\/wp-json\/wp\/v2\/pages\/2628\/revisions"}],"wp:attachment":[{"href":"https:\/\/www.gspeed.pt\/es\/wp-json\/wp\/v2\/media?parent=2628"}],"curies":[{"name":"wp","href":"https:\/\/api.w.org\/{rel}","templated":true}]}}